{"id":10,"date":"2023-04-03T06:54:26","date_gmt":"2023-04-03T06:54:26","guid":{"rendered":"https:\/\/www.larpwright.eu\/?page_id=10"},"modified":"2023-05-09T11:03:24","modified_gmt":"2023-05-09T11:03:24","slug":"structure","status":"publish","type":"page","link":"https:\/\/www.larpwright.eu\/de\/structure\/","title":{"rendered":"Aufbau | Plot"},"content":{"rendered":"<p class=\"has-background\" style=\"background-color:#a9ccee\"><em>Diese \u00dcbersichtsseite dient dazu, die allgemeine Struktur der Plots zu erkl\u00e4ren und Links zu den Handlungselementen, wie z.B. Episoden, zu setzen. Die Zeitleiste unten ist ein Beispiel; nicht alle Elemente sind mit weiteren Erkl\u00e4rungen verlinkt.<\/em><\/p>\n\n\n\n<p>Einschlie\u00dflich der vorbereitenden Workshops und der Nachbesprechung dauert das Larp etwa zweieinhalb Tage, normalerweise von Freitagabend bis Sonntagnachmittag. Das Spiel selbst besteht aus drei Episoden, von denen jede eine Reihe von Szenen umfasst. Zwischen den einzelnen Episoden erhalten die Spieler*innen Zeit, um die Entwicklung ihrer Charaktere und Beziehungen zu erarbeiten. Die erste und die letzte Szene des Larps sind praktisch identisch. Dieser Larp-Ansatz wird als <em>Fate Play <\/em>bezeichnet. Alle Beteiligten wissen, wie die Geschichte enden wird, aber nicht, wie sie dorthin gekommen sind. In spielerischer Hinsicht geht es beim LArp um den Prozess, der zu diesem Ende f\u00fchrt. Inhaltlich geht es um die Missverst\u00e4ndnisse und die Frustration w\u00e4hrend dieses Prozesses.<\/p>\n\n\n\n<h3 class=\"wp-block-heading\">Zeitlicher Ablauf<\/h3>\n\n\n\n<div class=\"wp-block-columns is-not-stacked-on-mobile is-style-default has-purple-to-yellow-gradient-background has-background is-layout-flex wp-container-core-columns-is-layout-95e72c11 wp-block-columns-is-layout-flex\" style=\"padding-top:var(--wp--preset--spacing--40);padding-right:var(--wp--preset--spacing--40);padding-bottom:var(--wp--preset--spacing--40);padding-left:var(--wp--preset--spacing--40)\">\n<div class=\"wp-block-column is-layout-flow wp-block-column-is-layout-flow\" style=\"flex-basis:40%\">\n<p class=\"has-text-align-right\"><strong>Ankunft<\/strong><\/p>\n\n\n\n<div class=\"wp-block-buttons is-content-justification-right is-layout-flex wp-container-core-buttons-is-layout-3b4ec0d9 wp-block-buttons-is-layout-flex\">\n<div class=\"wp-block-button\"><a class=\"wp-block-button__link wp-element-button\" href=\"https:\/\/www.larpwright.eu\/structure\/workshops\/\">Workshop<\/a><\/div>\n<\/div>\n\n\n\n<p class=\"has-text-align-right\"><strong>Abendessen<\/strong><\/p>\n\n\n\n<div class=\"wp-block-buttons is-content-justification-right is-layout-flex wp-container-core-buttons-is-layout-3b4ec0d9 wp-block-buttons-is-layout-flex\">\n<div class=\"wp-block-button\"><a class=\"wp-block-button__link wp-element-button\" href=\"https:\/\/www.larpwright.eu\/structure\/workshops\/\">Final Touches<\/a><\/div>\n<\/div>\n<\/div>\n\n\n\n<div class=\"wp-block-column is-vertically-aligned-center is-layout-flow wp-block-column-is-layout-flow\" style=\"flex-basis:20%\">\n<p class=\"has-text-align-center has-extra-large-font-size\"><sup>Tag<\/sup><br>1<\/p>\n<\/div>\n\n\n\n<div class=\"wp-block-column is-vertically-aligned-bottom is-layout-flow wp-block-column-is-layout-flow\" style=\"flex-basis:40%\">\n<div class=\"wp-block-group is-style-default is-vertical is-content-justification-left is-layout-flex wp-container-core-group-is-layout-c0ca7d81 wp-block-group-is-layout-flex\">\n<div style=\"height:100px\" aria-hidden=\"true\" class=\"wp-block-spacer\"><\/div>\n\n\n\n<div style=\"height:240px\" aria-hidden=\"true\" class=\"wp-block-spacer\"><\/div>\n\n\n\n<div class=\"wp-block-buttons is-layout-flex wp-block-buttons-is-layout-flex\">\n<div class=\"wp-block-button\"><a class=\"wp-block-button__link wp-element-button\" href=\"https:\/\/www.larpwright.eu\/episodes\/episode-1\/\">Episode 1<\/a><\/div>\n<\/div>\n<\/div>\n<\/div>\n<\/div>\n\n\n\n<div class=\"wp-block-columns is-not-stacked-on-mobile has-yellow-to-purple-gradient-background has-background is-layout-flex wp-container-core-columns-is-layout-95e72c11 wp-block-columns-is-layout-flex\" style=\"padding-top:var(--wp--preset--spacing--40);padding-right:var(--wp--preset--spacing--40);padding-bottom:var(--wp--preset--spacing--40);padding-left:var(--wp--preset--spacing--40)\">\n<div class=\"wp-block-column is-layout-flow wp-block-column-is-layout-flow\" style=\"flex-basis:40%\">\n<p class=\"has-text-align-right\"><strong>Fr\u00fchst\u00fcck<\/strong><\/p>\n\n\n\n<div class=\"wp-block-buttons is-content-justification-right is-layout-flex wp-container-core-buttons-is-layout-3b4ec0d9 wp-block-buttons-is-layout-flex\">\n<div class=\"wp-block-button\"><a class=\"wp-block-button__link wp-element-button\">Workshop<\/a><\/div>\n<\/div>\n\n\n\n<p class=\"has-text-align-right\"><strong>Mittagessen<\/strong> (im Spiel)<\/p>\n\n\n\n<div class=\"wp-block-buttons is-content-justification-right is-layout-flex wp-container-core-buttons-is-layout-3b4ec0d9 wp-block-buttons-is-layout-flex\">\n<div class=\"wp-block-button\"><a class=\"wp-block-button__link wp-element-button\">Workshop<\/a><\/div>\n<\/div>\n\n\n\n<div style=\"height:11px\" aria-hidden=\"true\" class=\"wp-block-spacer\"><\/div>\n\n\n\n<p class=\"has-text-align-right\"><strong>Party<\/strong> (im Spiel)<\/p>\n\n\n\n<div class=\"wp-block-buttons is-content-justification-right is-layout-flex wp-container-core-buttons-is-layout-3b4ec0d9 wp-block-buttons-is-layout-flex\">\n<div class=\"wp-block-button\"><a class=\"wp-block-button__link wp-element-button\" href=\"https:\/\/11f84.larpwright.eu\/mechanics\/workshops\/#deroll\">De-Rolling<\/a><\/div>\n<\/div>\n\n\n\n<p class=\"has-text-align-right\"><strong>Party<\/strong> (Off-Game)<\/p>\n<\/div>\n\n\n\n<div class=\"wp-block-column is-vertically-aligned-center is-layout-flow wp-block-column-is-layout-flow\" style=\"flex-basis:20%\">\n<p class=\"has-text-align-center has-extra-large-font-size\"><sup>Tag<\/sup><br>2<\/p>\n<\/div>\n\n\n\n<div class=\"wp-block-column is-layout-flow wp-block-column-is-layout-flow\" style=\"flex-basis:40%\">\n<div class=\"wp-block-group is-vertical is-layout-flex wp-container-core-group-is-layout-8cf370e7 wp-block-group-is-layout-flex\">\n<div style=\"height:100px\" aria-hidden=\"true\" class=\"wp-block-spacer\"><\/div>\n\n\n\n<div class=\"wp-block-buttons is-layout-flex wp-block-buttons-is-layout-flex\">\n<div class=\"wp-block-button\"><a class=\"wp-block-button__link wp-element-button\">Episode 2<\/a><\/div>\n<\/div>\n\n\n\n<div style=\"height:123px\" aria-hidden=\"true\" class=\"wp-block-spacer\"><\/div>\n\n\n\n<div class=\"wp-block-buttons is-layout-flex wp-block-buttons-is-layout-flex\">\n<div class=\"wp-block-button\"><a class=\"wp-block-button__link wp-element-button\">Episode 3<\/a><\/div>\n<\/div>\n<\/div>\n<\/div>\n<\/div>\n\n\n\n<div class=\"wp-block-columns is-not-stacked-on-mobile has-red-to-purple-gradient-background has-background is-layout-flex wp-container-core-columns-is-layout-95e72c11 wp-block-columns-is-layout-flex\" style=\"padding-top:var(--wp--preset--spacing--40);padding-right:var(--wp--preset--spacing--40);padding-bottom:var(--wp--preset--spacing--40);padding-left:var(--wp--preset--spacing--40)\">\n<div class=\"wp-block-column is-layout-flow wp-block-column-is-layout-flow\" style=\"flex-basis:40%\">\n<p class=\"has-text-align-right\"><strong>Fr\u00fchst\u00fcck<\/strong><\/p>\n\n\n\n<div class=\"wp-block-buttons is-content-justification-right is-layout-flex wp-container-core-buttons-is-layout-765c4724 wp-block-buttons-is-layout-flex\">\n<div class=\"wp-block-button\"><a class=\"wp-block-button__link wp-element-button\">Workshop: Debriefing<\/a><\/div>\n<\/div>\n\n\n\n<p class=\"has-text-align-right\"><strong>Aufr\u00e4umen und Abfahrt<\/strong><\/p>\n<\/div>\n\n\n\n<div class=\"wp-block-column is-vertically-aligned-center is-layout-flow wp-block-column-is-layout-flow\" style=\"flex-basis:20%\">\n<p class=\"has-text-align-center has-extra-large-font-size\"><sup>Tag<\/sup><br>3<\/p>\n<\/div>\n\n\n\n<div class=\"wp-block-column is-layout-flow wp-block-column-is-layout-flow\" style=\"flex-basis:40%\">\n<p><\/p>\n<\/div>\n<\/div>\n\n\n\n<p><\/p>","protected":false},"excerpt":{"rendered":"<p>Diese \u00dcbersichtsseite dient dazu, die allgemeine Struktur der Plots zu erkl\u00e4ren und Links zu den Handlungselementen, wie z.B. Episoden, zu setzen. Die Zeitleiste unten ist ein Beispiel; nicht alle Elemente sind mit weiteren Erkl\u00e4rungen verlinkt. Einschlie\u00dflich der vorbereitenden Workshops und der Nachbesprechung dauert das Larp etwa zweieinhalb Tage, normalerweise von Freitagabend bis Sonntagnachmittag. Das Spiel&hellip; <a class=\"more-link\" href=\"https:\/\/www.larpwright.eu\/de\/structure\/\"><span class=\"screen-reader-text\">Aufbau | Plot<\/span> weiterlesen<\/a><\/p>\n","protected":false},"author":2,"featured_media":0,"parent":0,"menu_order":0,"comment_status":"open","ping_status":"closed","template":"","meta":{"footnotes":""},"class_list":["post-10","page","type-page","status-publish","hentry","entry"],"_links":{"self":[{"href":"https:\/\/www.larpwright.eu\/de\/wp-json\/wp\/v2\/pages\/10","targetHints":{"allow":["GET"]}}],"collection":[{"href":"https:\/\/www.larpwright.eu\/de\/wp-json\/wp\/v2\/pages"}],"about":[{"href":"https:\/\/www.larpwright.eu\/de\/wp-json\/wp\/v2\/types\/page"}],"author":[{"embeddable":true,"href":"https:\/\/www.larpwright.eu\/de\/wp-json\/wp\/v2\/users\/2"}],"replies":[{"embeddable":true,"href":"https:\/\/www.larpwright.eu\/de\/wp-json\/wp\/v2\/comments?post=10"}],"version-history":[{"count":14,"href":"https:\/\/www.larpwright.eu\/de\/wp-json\/wp\/v2\/pages\/10\/revisions"}],"predecessor-version":[{"id":645,"href":"https:\/\/www.larpwright.eu\/de\/wp-json\/wp\/v2\/pages\/10\/revisions\/645"}],"wp:attachment":[{"href":"https:\/\/www.larpwright.eu\/de\/wp-json\/wp\/v2\/media?parent=10"}],"curies":[{"name":"wp","href":"https:\/\/api.w.org\/{rel}","templated":true}]}}