{"id":11,"date":"2023-04-03T06:54:26","date_gmt":"2023-04-03T06:54:26","guid":{"rendered":"https:\/\/www.larpwright.eu\/?page_id=11"},"modified":"2023-05-09T10:45:44","modified_gmt":"2023-05-09T10:45:44","slug":"mechanics","status":"publish","type":"page","link":"https:\/\/www.larpwright.eu\/de\/mechanics\/","title":{"rendered":"Mechaniken"},"content":{"rendered":"<p class=\"has-background\" style=\"background-color:#a9ccee\"><em>So k\u00f6nnte die \u00dcbersichtsseite f\u00fcr den Abschnitt \u00fcber Spielmechaniken in einem Design Document aussehen<\/em><em>.<\/em><\/p>\n\n\n\n<p>Das LARP verwendet eine Reihe von Spielmechanismen (&#8222;Regeln&#8220;) sowie Sicherheits- und Kommunikationswerkzeuge (&#8222;Meta-Techniken&#8220;), um das Spiel zu erleichtern. Die Orga werden diese Mechaniken in <a href=\"https:\/\/www.larpwright.eu\/structure\/workshops\/\" data-type=\"page\" data-id=\"137\">Workshops<\/a> erkl\u00e4ren, in denen die Spieler*innen sie auch vor dem Spiel ausprobieren k\u00f6nnen.<\/p>\n\n\n\n<div class=\"wp-block-buttons is-layout-flex wp-block-buttons-is-layout-flex\">\n<div class=\"wp-block-button\"><a class=\"wp-block-button__link wp-element-button\" href=\"https:\/\/www.larpwright.eu\/mechanics\/rules\/\">Regeln<\/a><\/div>\n\n\n\n<div class=\"wp-block-button\"><a class=\"wp-block-button__link wp-element-button\" href=\"https:\/\/www.larpwright.eu\/mechanics\/meta-techniques\/\">Meta-Techniken<\/a><\/div>\n<\/div>","protected":false},"excerpt":{"rendered":"<p>So k\u00f6nnte die \u00dcbersichtsseite f\u00fcr den Abschnitt \u00fcber Spielmechaniken in einem Design Document aussehen. Das LARP verwendet eine Reihe von Spielmechanismen (&#8222;Regeln&#8220;) sowie Sicherheits- und Kommunikationswerkzeuge (&#8222;Meta-Techniken&#8220;), um das Spiel zu erleichtern. Die Orga werden diese Mechaniken in Workshops erkl\u00e4ren, in denen die Spieler*innen sie auch vor dem Spiel ausprobieren k\u00f6nnen.<\/p>\n","protected":false},"author":2,"featured_media":0,"parent":0,"menu_order":0,"comment_status":"closed","ping_status":"closed","template":"","meta":{"footnotes":""},"class_list":["post-11","page","type-page","status-publish","hentry","entry"],"_links":{"self":[{"href":"https:\/\/www.larpwright.eu\/de\/wp-json\/wp\/v2\/pages\/11","targetHints":{"allow":["GET"]}}],"collection":[{"href":"https:\/\/www.larpwright.eu\/de\/wp-json\/wp\/v2\/pages"}],"about":[{"href":"https:\/\/www.larpwright.eu\/de\/wp-json\/wp\/v2\/types\/page"}],"author":[{"embeddable":true,"href":"https:\/\/www.larpwright.eu\/de\/wp-json\/wp\/v2\/users\/2"}],"replies":[{"embeddable":true,"href":"https:\/\/www.larpwright.eu\/de\/wp-json\/wp\/v2\/comments?post=11"}],"version-history":[{"count":13,"href":"https:\/\/www.larpwright.eu\/de\/wp-json\/wp\/v2\/pages\/11\/revisions"}],"predecessor-version":[{"id":634,"href":"https:\/\/www.larpwright.eu\/de\/wp-json\/wp\/v2\/pages\/11\/revisions\/634"}],"wp:attachment":[{"href":"https:\/\/www.larpwright.eu\/de\/wp-json\/wp\/v2\/media?parent=11"}],"curies":[{"name":"wp","href":"https:\/\/api.w.org\/{rel}","templated":true}]}}