{"id":129,"date":"2023-04-21T02:42:42","date_gmt":"2023-04-21T02:42:42","guid":{"rendered":"https:\/\/www.larpwright.eu\/?page_id=129"},"modified":"2023-05-15T05:54:16","modified_gmt":"2023-05-15T05:54:16","slug":"setting","status":"publish","type":"page","link":"https:\/\/www.larpwright.eu\/de\/setup\/setting\/","title":{"rendered":"Setting"},"content":{"rendered":"<p class=\"has-background\" style=\"background-color:#a9ccee\"><em>Eine Beschreibung des Settings und des Grundkonflikts eines Larps k\u00f6nnte so aussehen.<\/em><\/p>\n\n\n\n<h2 class=\"wp-block-heading\">Die Welt im \u00dcberblick<\/h2>\n\n\n\n<p>Im Jahr 2173 hat sich die Erde zu einer faszinierenden und r\u00e4tselhaften interdimensionalen Schnittstelle entwickelt, die durch die Ankunft spr\u00fchender, au\u00dferirdischer Geistwesen vor einem Jahrhundert f\u00fcr immer ver\u00e4ndert wurde. Diese \u00e4therischen Wesen, bekannt als die Chromarin, machten sich die rohe Kraft von Farbe und Licht zunutze und verwandelten unsere Welt in einen Knotenpunkt f\u00fcr interstellare Begegnungen. Der Einfluss der Chromarin auf die Struktur der Erde hat eine surreale, kaleidoskopische Landschaft entstehen lassen, die den Gesetzen der Physik trotzt und die Grenzen der menschlichen Vorstellungskraft \u00fcberschreitet.<\/p>\n\n\n\n<p>Auf der Oberfl\u00e4che des Planeten wimmelt es jetzt von einer atemberaubend schillernden Flora und Fauna, die in einen hypnotisierenden, leuchtenden Nebel geh\u00fcllt ist. An die Stelle von Wolkenkratzern sind kolossale, gewundene Kristallt\u00fcrme getreten, die den Himmel durchdringen und das Sonnenlicht in eine Million leuchtender Farbt\u00f6ne brechen, die auf den Wolken tanzen. Wasserf\u00e4lle, die aus fl\u00fcssigen Regenb\u00f6gen bestehen, st\u00fcrzen in prismatische Seen, w\u00e4hrend sich einst karge W\u00fcsten in ausgedehnte, psychedelische Wandteppiche aus wogenden D\u00fcnen verwandelt haben.<\/p>\n\n\n\n<p>Diese Transformation hat auch zu einem Zustrom au\u00dferirdischer Spezies gef\u00fchrt, die durch das Leuchtfeuer der interdimensionalen Energien der Chromarin auf die Erde gelockt wurden. Lebewesen aus dem gesamten Kosmos str\u00f6men zu diesem Knotenpunkt und bringen eine eklektische Mischung aus Kulturen, Technologien und Wissen mit. Die Menschheit war gezwungen, sich schnell anzupassen und zu lernen, mit diesen anderweltlichen Bewohnern zu koexistieren und gleichzeitig die verwirrende Komplexit\u00e4t dieser neuen Existenz zu akzeptieren.<\/p>\n\n\n\n<p>Infolgedessen hat sich die menschliche Erfahrung radikal ver\u00e4ndert. Die Technologie hat sich exponentiell entwickelt, und die Verschmelzung von au\u00dferirdischem und menschlichem Einfallsreichtum hat eine Renaissance der Innovation ausgel\u00f6st. In den St\u00e4dten wimmelt es von biomechanischen Wunderwerken, von Luftkissenfahrzeugen, die nahtlos durch neonbeleuchtete Stra\u00dfen gleiten, bis hin zu hoch aufragenden vertikalen G\u00e4rten, die die Luft mit gentechnisch ver\u00e4nderter Flora reinigen. Auch die Medizin hat enorm profitiert: Einst t\u00f6dliche Krankheiten wurden ausgerottet und die Lebenserwartung ist drastisch gestiegen.<\/p>\n\n\n\n<p>Doch nicht alle Folgen dieses Wandels waren positiv. Die menschliche Spezies steht nun vor gro\u00dfen Herausforderungen, wenn es darum geht, das prek\u00e4re Gleichgewicht der intergalaktischen Politik zu navigieren und die eigene Souver\u00e4nit\u00e4t zu wahren. Es ist zu Konflikten gekommen, da einige Spezies anstreben, die Ressourcen der Erde auszubeuten, w\u00e4hrend andere versuchen, die neu entdeckten Wunder der Welt zu sch\u00fctzen. Dar\u00fcber hinaus hat die Vermischung verschiedener Spezies die Grenzen der Identit\u00e4t verwischt und die Menschheit dazu gezwungen, neu zu definieren, was es bedeutet, angesichts eines sich immer weiter ausdehnenden Kosmos ein Mensch zu sein.<\/p>\n\n\n\n<p>In dieser lebhaften und unergr\u00fcndlichen Welt ist die Erde nun ein Beweis f\u00fcr die grenzenlosen M\u00f6glichkeiten des Universums, ein Bereich, in dem das Allt\u00e4gliche durch das Au\u00dfergew\u00f6hnliche in den Schatten gestellt wurde und in dem die Menschheit sich anpassen und wachsen muss, um in dieser neuen, interdimensionalen Existenz zu \u00fcberleben und zu gedeihen.<\/p>\n\n\n\n<h2 class=\"wp-block-heading\">Das Setting des Larp<\/h2>\n\n\n\n<p>Eine drohende Bedrohung durch eine feindliche au\u00dferirdische Macht, die sogenannten Kluftbringer, treibt vier Fraktionen der st\u00e4ndigen Bewohner*innen der Erde \u2014 die Menschen, die friedlichen, aber m\u00e4chtigen au\u00dferirdischen Eirenthianer, die telepathischen au\u00dferirdischen Omegari und die kybernetisch verbesserten Menschen, bekannt als die Technosapiens \u2014 an den Rand eines Krieges. W\u00e4hrend sich die Kluftbringer auf die Invasion der Erde vorbereiten, m\u00fcssen die vier Fraktionen tiefsitzendes Misstrauen und ideologische Differenzen \u00fcberwinden, um eine gemeinsame Front gegen die Invasoren zu bilden. Durch einen heiklen Tanz aus Diplomatie, strategischer Planung und Kompromissen m\u00fcssen die Fraktionen entweder ihre Kr\u00e4fte b\u00fcndeln, um die Erde zu verteidigen, oder riskieren, alles zu verlieren, was ihnen lieb und teuer ist.<\/p>","protected":false},"excerpt":{"rendered":"<p>Eine Beschreibung des Settings und des Grundkonflikts eines Larps k\u00f6nnte so aussehen. Die Welt im \u00dcberblick Im Jahr 2173 hat sich die Erde zu einer faszinierenden und r\u00e4tselhaften interdimensionalen Schnittstelle entwickelt, die durch die Ankunft spr\u00fchender, au\u00dferirdischer Geistwesen vor einem Jahrhundert f\u00fcr immer ver\u00e4ndert wurde. Diese \u00e4therischen Wesen, bekannt als die Chromarin, machten sich die&hellip; <a class=\"more-link\" href=\"https:\/\/www.larpwright.eu\/de\/setup\/setting\/\"><span class=\"screen-reader-text\">Setting<\/span> weiterlesen<\/a><\/p>\n","protected":false},"author":2,"featured_media":0,"parent":8,"menu_order":0,"comment_status":"open","ping_status":"closed","template":"","meta":{"footnotes":""},"class_list":["post-129","page","type-page","status-publish","hentry","entry"],"_links":{"self":[{"href":"https:\/\/www.larpwright.eu\/de\/wp-json\/wp\/v2\/pages\/129","targetHints":{"allow":["GET"]}}],"collection":[{"href":"https:\/\/www.larpwright.eu\/de\/wp-json\/wp\/v2\/pages"}],"about":[{"href":"https:\/\/www.larpwright.eu\/de\/wp-json\/wp\/v2\/types\/page"}],"author":[{"embeddable":true,"href":"https:\/\/www.larpwright.eu\/de\/wp-json\/wp\/v2\/users\/2"}],"replies":[{"embeddable":true,"href":"https:\/\/www.larpwright.eu\/de\/wp-json\/wp\/v2\/comments?post=129"}],"version-history":[{"count":14,"href":"https:\/\/www.larpwright.eu\/de\/wp-json\/wp\/v2\/pages\/129\/revisions"}],"predecessor-version":[{"id":701,"href":"https:\/\/www.larpwright.eu\/de\/wp-json\/wp\/v2\/pages\/129\/revisions\/701"}],"up":[{"embeddable":true,"href":"https:\/\/www.larpwright.eu\/de\/wp-json\/wp\/v2\/pages\/8"}],"wp:attachment":[{"href":"https:\/\/www.larpwright.eu\/de\/wp-json\/wp\/v2\/media?parent=129"}],"curies":[{"name":"wp","href":"https:\/\/api.w.org\/{rel}","templated":true}]}}