{"id":131,"date":"2023-04-21T02:43:15","date_gmt":"2023-04-21T02:43:15","guid":{"rendered":"https:\/\/www.larpwright.eu\/?page_id=131"},"modified":"2023-05-16T01:45:40","modified_gmt":"2023-05-16T01:45:40","slug":"location-props","status":"publish","type":"page","link":"https:\/\/www.larpwright.eu\/de\/setup\/location-props\/","title":{"rendered":"Locations &#038; Requisiten"},"content":{"rendered":"<p class=\"has-background\" style=\"background-color:#a9ccee\"><em>F\u00fcr den schnellen Zugriff finden sich unten Listen<\/em>.<\/p>\n\n\n\n<h2 class=\"wp-block-heading\">Locations<\/h2>\n\n\n\n\t\t\t<div class=\"display-post-types\">\n\n\t\t\t\t\t\t\t<style type=\"text\/css\">\n\t\t\t#dpt-wrapper-450 { --dpt-text-align: left;--dpt-image-crop: center;--dpt-border-radius: 5px;--dpt-h-gutter: 10px;--dpt-v-gutter: 10px; }\t\t\t<\/style>\n\t\t\t<style type=\"text\/css\">#dpt-wrapper-450 { --dpt-title-font-style:normal;--dpt-title-font-weight:600;--dpt-title-line-height:1.5;--dpt-title-text-decoration:none;--dpt-title-text-transform:none;--dpt-excerpt-font-style:normal;--dpt-excerpt-font-weight:400;--dpt-excerpt-line-height:1.5;--dpt-excerpt-text-decoration:none;--dpt-excerpt-text-transform:none;--dpt-meta1-font-style:normal;--dpt-meta1-font-weight:400;--dpt-meta1-line-height:1.9;--dpt-meta1-text-decoration:none;--dpt-meta1-text-transform:none;--dpt-meta2-font-style:normal;--dpt-meta2-font-weight:400;--dpt-meta2-line-height:1.9;--dpt-meta2-text-decoration:none;--dpt-meta2-text-transform:none; }<\/style>\t\t\t\n\t\t\t\t<div id=\"dpt-wrapper-450\" class=\"dpt-wrapper dpt-list1 dpt-flex-wrap\" >\n\n\t\t\t\t\t\t\t\t\t\t\t<div class=\"dpt-entry has-thumbnail\" data-title=\"prismenkern-atrium\" data-id=\"66\"  data-size=\"l (50 personen)\" data-feature=\"feuerschutzt\u00fcr treppen\">\n\t\t\t\t\t\t\t<div class=\"dpt-entry-wrapper\"><div class=\" dpt-featured-content\"><div class=\" dpt-permalink\"><a href=\"https:\/\/www.larpwright.eu\/de\/locations\/atrium\/\" class=\"dpt-permalink\"><span class=\"screen-reader-text\">Prismenkern-Atrium<\/span><\/a><\/div><div class=\" dpt-thumbnail\"><div class=\"dpt-thumbnail-inner\"><img width=\"1024\" height=\"1024\" class=\"attachment-full size-full\" alt=\"Cyber-crystalline hybrid structure conference room\" context=\"dpt\" style=\"width:100%;height:100%;max-width:1024px;\" data-dpt-src=\"https:\/\/www.larpwright.eu\/wp-content\/uploads\/2023\/05\/prismcore_atrium.png\" data-dpt-sizes=\"(max-width: 1024px) 100vw, 1024px\" data-dpt-srcset=\"https:\/\/www.larpwright.eu\/wp-content\/uploads\/2023\/05\/prismcore_atrium.png 1024w, https:\/\/www.larpwright.eu\/wp-content\/uploads\/2023\/05\/prismcore_atrium-300x300.png 300w, https:\/\/www.larpwright.eu\/wp-content\/uploads\/2023\/05\/prismcore_atrium-150x150.png 150w, https:\/\/www.larpwright.eu\/wp-content\/uploads\/2023\/05\/prismcore_atrium-768x768.png 768w\" \/><\/div><span class=\"dpt-thumbnail-aspect-ratio\" style=\"padding-top: 100%\"><\/span><\/div><\/div><div class=\" sub-entry\"><h3 class=\" dpt-title\"><a class=\"dpt-title-link\" href=\"https:\/\/www.larpwright.eu\/de\/locations\/atrium\/\" rel=\"bookmark\">Prismenkern-Atrium<\/a><\/h3><div class=\" dpt-excerpt\">Zentraler Raum des &#8222;Prismenkerns&#8220;, einer cyberkristallinen Hybridstruktur<\/div><\/div><\/div>\n\t\t\t\t\t\t<\/div><!-- .dpt-entry -->\n\t\t\t\t\t\t\n\t\t\t\t<\/div>\n\t\t\t\t\t\t<\/div>\n\t\t\t\n\n\n<h2 class=\"wp-block-heading\">Requisiten<\/h2>\n\n\n\n\t\t\t<div class=\"display-post-types\">\n\n\t\t\t\t\t\t\t<style type=\"text\/css\">\n\t\t\t#dpt-wrapper-451 { --dpt-text-align: left;--dpt-image-crop: center;--dpt-border-radius: 5px;--dpt-h-gutter: 10px;--dpt-v-gutter: 10px; }\t\t\t<\/style>\n\t\t\t<style type=\"text\/css\">#dpt-wrapper-451 { --dpt-title-font-style:normal;--dpt-title-font-weight:600;--dpt-title-line-height:1.5;--dpt-title-text-decoration:none;--dpt-title-text-transform:none;--dpt-excerpt-font-style:normal;--dpt-excerpt-font-weight:400;--dpt-excerpt-line-height:1.5;--dpt-excerpt-text-decoration:none;--dpt-excerpt-text-transform:none;--dpt-meta1-font-style:normal;--dpt-meta1-font-weight:400;--dpt-meta1-line-height:1.9;--dpt-meta1-text-decoration:none;--dpt-meta1-text-transform:none;--dpt-meta2-font-style:normal;--dpt-meta2-font-weight:400;--dpt-meta2-line-height:1.9;--dpt-meta2-text-decoration:none;--dpt-meta2-text-transform:none; }<\/style>\t\t\t\n\t\t\t\t<div id=\"dpt-wrapper-451\" class=\"dpt-wrapper dpt-list1 dpt-flex-wrap\" >\n\n\t\t\t\t\t\t\t\t\t\t\t<div class=\"dpt-entry has-thumbnail\" data-title=\"pinsel\" data-id=\"78\"  data-proptype=\"k\u00fcnste werzeug\/instrument\" data-trait=\"kaputt\">\n\t\t\t\t\t\t\t<div class=\"dpt-entry-wrapper\"><div class=\" dpt-featured-content\"><div class=\" dpt-permalink\"><a href=\"https:\/\/www.larpwright.eu\/de\/props\/brush\/\" class=\"dpt-permalink\"><span class=\"screen-reader-text\">Pinsel<\/span><\/a><\/div><div class=\" dpt-thumbnail\"><div class=\"dpt-thumbnail-inner\"><img width=\"1024\" height=\"1024\" class=\"attachment-full size-full\" alt=\"broken, colorful paintbrush\" context=\"dpt\" style=\"width:100%;height:100%;max-width:1024px;\" data-dpt-src=\"https:\/\/www.larpwright.eu\/wp-content\/uploads\/2023\/04\/brush.png\" data-dpt-sizes=\"(max-width: 1024px) 100vw, 1024px\" data-dpt-srcset=\"https:\/\/www.larpwright.eu\/wp-content\/uploads\/2023\/04\/brush.png 1024w, https:\/\/www.larpwright.eu\/wp-content\/uploads\/2023\/04\/brush-300x300.png 300w, https:\/\/www.larpwright.eu\/wp-content\/uploads\/2023\/04\/brush-150x150.png 150w, https:\/\/www.larpwright.eu\/wp-content\/uploads\/2023\/04\/brush-768x768.png 768w\" \/><\/div><span class=\"dpt-thumbnail-aspect-ratio\" style=\"padding-top: 100%\"><\/span><\/div><\/div><div class=\" sub-entry\"><h3 class=\" dpt-title\"><a class=\"dpt-title-link\" href=\"https:\/\/www.larpwright.eu\/de\/props\/brush\/\" rel=\"bookmark\">Pinsel<\/a><\/h3><div class=\" dpt-excerpt\">Ein kaputter Pinsel<\/div><\/div><\/div>\n\t\t\t\t\t\t<\/div><!-- .dpt-entry -->\n\t\t\t\t\t\t\t\t\t\t\t\t<div class=\"dpt-entry has-thumbnail\" data-title=\"lederjacke\" data-id=\"73\"  data-proptype=\"kost\u00fcm jacke\" data-trait=\"teuer\">\n\t\t\t\t\t\t\t<div class=\"dpt-entry-wrapper\"><div class=\" dpt-featured-content\"><div class=\" dpt-permalink\"><a href=\"https:\/\/www.larpwright.eu\/de\/props\/leatherjacket\/\" class=\"dpt-permalink\"><span class=\"screen-reader-text\">Lederjacke<\/span><\/a><\/div><div class=\" dpt-thumbnail\"><div class=\"dpt-thumbnail-inner\"><img width=\"1024\" height=\"1024\" class=\"attachment-full size-full\" alt=\"expensive-looking leatherjacket\" context=\"dpt\" style=\"width:100%;height:100%;max-width:1024px;\" data-dpt-src=\"https:\/\/www.larpwright.eu\/wp-content\/uploads\/2023\/04\/leatherjacket.png\" data-dpt-sizes=\"(max-width: 1024px) 100vw, 1024px\" data-dpt-srcset=\"https:\/\/www.larpwright.eu\/wp-content\/uploads\/2023\/04\/leatherjacket.png 1024w, https:\/\/www.larpwright.eu\/wp-content\/uploads\/2023\/04\/leatherjacket-300x300.png 300w, https:\/\/www.larpwright.eu\/wp-content\/uploads\/2023\/04\/leatherjacket-150x150.png 150w, https:\/\/www.larpwright.eu\/wp-content\/uploads\/2023\/04\/leatherjacket-768x768.png 768w\" \/><\/div><span class=\"dpt-thumbnail-aspect-ratio\" style=\"padding-top: 100%\"><\/span><\/div><\/div><div class=\" sub-entry\"><h3 class=\" dpt-title\"><a class=\"dpt-title-link\" href=\"https:\/\/www.larpwright.eu\/de\/props\/leatherjacket\/\" rel=\"bookmark\">Lederjacke<\/a><\/h3><div class=\" dpt-excerpt\">Eine teure Lederjacke<\/div><\/div><\/div>\n\t\t\t\t\t\t<\/div><!-- .dpt-entry -->\n\t\t\t\t\t\t\n\t\t\t\t<\/div>\n\t\t\t\t\t\t<\/div>\n\t\t\t\n\n\n<p class=\"has-background has-extra-small-font-size\" style=\"background-color:#dededebd\"><strong>Disclaimer<\/strong><br>Alle Charakter-, Location- und Requisitenbilder auf dieser Demoseite wurden mit Midjourney generiert, um zu sehen, was die KI leisten kann. Dies ist keine Bef\u00fcrwortung von KI-generierter Kunst gegen\u00fcber der Arbeit von K\u00fcnstler*innen. F\u00fcr tats\u00e4chliche Larp-Projekte bevorzugen wir es, die Kunstwerke entweder selbst zu erstellen oder mit Kolleg*innen zusammenzuarbeiten.<\/p>","protected":false},"excerpt":{"rendered":"<p>F\u00fcr den schnellen Zugriff finden sich unten Listen. Locations Requisiten DisclaimerAlle Charakter-, Location- und Requisitenbilder auf dieser Demoseite wurden mit Midjourney generiert, um zu sehen, was die KI leisten kann. Dies ist keine Bef\u00fcrwortung von KI-generierter Kunst gegen\u00fcber der Arbeit von K\u00fcnstler*innen. F\u00fcr tats\u00e4chliche Larp-Projekte bevorzugen wir es, die Kunstwerke entweder selbst zu erstellen oder&hellip; <a class=\"more-link\" href=\"https:\/\/www.larpwright.eu\/de\/setup\/location-props\/\"><span class=\"screen-reader-text\">Locations &#038; Requisiten<\/span> weiterlesen<\/a><\/p>\n","protected":false},"author":2,"featured_media":0,"parent":8,"menu_order":0,"comment_status":"closed","ping_status":"closed","template":"","meta":{"footnotes":""},"class_list":["post-131","page","type-page","status-publish","hentry","entry"],"_links":{"self":[{"href":"https:\/\/www.larpwright.eu\/de\/wp-json\/wp\/v2\/pages\/131","targetHints":{"allow":["GET"]}}],"collection":[{"href":"https:\/\/www.larpwright.eu\/de\/wp-json\/wp\/v2\/pages"}],"about":[{"href":"https:\/\/www.larpwright.eu\/de\/wp-json\/wp\/v2\/types\/page"}],"author":[{"embeddable":true,"href":"https:\/\/www.larpwright.eu\/de\/wp-json\/wp\/v2\/users\/2"}],"replies":[{"embeddable":true,"href":"https:\/\/www.larpwright.eu\/de\/wp-json\/wp\/v2\/comments?post=131"}],"version-history":[{"count":16,"href":"https:\/\/www.larpwright.eu\/de\/wp-json\/wp\/v2\/pages\/131\/revisions"}],"predecessor-version":[{"id":782,"href":"https:\/\/www.larpwright.eu\/de\/wp-json\/wp\/v2\/pages\/131\/revisions\/782"}],"up":[{"embeddable":true,"href":"https:\/\/www.larpwright.eu\/de\/wp-json\/wp\/v2\/pages\/8"}],"wp:attachment":[{"href":"https:\/\/www.larpwright.eu\/de\/wp-json\/wp\/v2\/media?parent=131"}],"curies":[{"name":"wp","href":"https:\/\/api.w.org\/{rel}","templated":true}]}}