{"id":133,"date":"2023-04-21T02:44:25","date_gmt":"2023-04-21T02:44:25","guid":{"rendered":"https:\/\/www.larpwright.eu\/?page_id=133"},"modified":"2023-05-15T04:25:11","modified_gmt":"2023-05-15T04:25:11","slug":"rules","status":"publish","type":"page","link":"https:\/\/www.larpwright.eu\/de\/mechanics\/rules\/","title":{"rendered":"Regeln"},"content":{"rendered":"<p class=\"has-background\" style=\"background-color:#a9ccee\"><em>Die folgenden Spielmechanismen betreffen die Interaktion zwischen den Charakteren und Richtlinien f\u00fcr die \u00dcbernahme der Perspektive eines Charakters (&#8222;Haltung&#8220;). <\/em><br><em>Wenn das Larp Kampf beinhaltet, ist hier der Ort, um entsprechende Regeln zu erkl\u00e4ren.<\/em><\/p>\n\n\n\n<h3 class=\"wp-block-heading\" id=\"attitude_t\">Haltungen<\/h3>\n\n\n\n<p>Jeder Charakter wird seine offiziellen Aufgaben und geheimen oder privaten Ziele anders angehen, je nach Pers\u00f6nlichkeit und Hintergrund. Dies dr\u00fcckt sich in Haltungen aus, wie z.B. <a href=\"https:\/\/www.larpwright.eu\/attitudes\/adverse\/\" data-type=\"attitude\" data-id=\"15\">gegnerisch<\/a>, <a href=\"https:\/\/www.larpwright.eu\/attitudes\/assertive\/\" data-type=\"attitude\" data-id=\"40\">energisch<\/a>, <a href=\"https:\/\/www.larpwright.eu\/attitudes\/cautious\/\" data-type=\"attitude\" data-id=\"16\">vorsichtig<\/a>, <a href=\"https:\/\/www.larpwright.eu\/attitudes\/optimistic\/\" data-type=\"attitude\" data-id=\"38\">optimistisch<\/a> oder <a href=\"https:\/\/www.larpwright.eu\/attitudes\/restrained\/\" data-type=\"attitude\" data-id=\"39\">zur\u00fcckhaltend<\/a>. Diese Haltungen sollten als die allgemeine Stimmung eines Charakters betrachtet werden, zumindest zu Beginn des Spiels. Ereignisse und Handlungen w\u00e4hrend des Spiels k\u00f6nnen dazu f\u00fchren, dass eine Einstellung ver\u00e4ndert oder verst\u00e4rkt wird. Es besteht keine Notwendigkeit, den Charakterbogen anzupassen, sondern man folgt einfach mit dem Spielfluss.<\/p>","protected":false},"excerpt":{"rendered":"<p>Die folgenden Spielmechanismen betreffen die Interaktion zwischen den Charakteren und Richtlinien f\u00fcr die \u00dcbernahme der Perspektive eines Charakters (&#8222;Haltung&#8220;). Wenn das Larp Kampf beinhaltet, ist hier der Ort, um entsprechende Regeln zu erkl\u00e4ren. Haltungen Jeder Charakter wird seine offiziellen Aufgaben und geheimen oder privaten Ziele anders angehen, je nach Pers\u00f6nlichkeit und Hintergrund. Dies dr\u00fcckt sich&hellip; <a class=\"more-link\" href=\"https:\/\/www.larpwright.eu\/de\/mechanics\/rules\/\"><span class=\"screen-reader-text\">Regeln<\/span> weiterlesen<\/a><\/p>\n","protected":false},"author":2,"featured_media":0,"parent":11,"menu_order":0,"comment_status":"open","ping_status":"closed","template":"","meta":{"footnotes":""},"class_list":["post-133","page","type-page","status-publish","hentry","entry"],"_links":{"self":[{"href":"https:\/\/www.larpwright.eu\/de\/wp-json\/wp\/v2\/pages\/133","targetHints":{"allow":["GET"]}}],"collection":[{"href":"https:\/\/www.larpwright.eu\/de\/wp-json\/wp\/v2\/pages"}],"about":[{"href":"https:\/\/www.larpwright.eu\/de\/wp-json\/wp\/v2\/types\/page"}],"author":[{"embeddable":true,"href":"https:\/\/www.larpwright.eu\/de\/wp-json\/wp\/v2\/users\/2"}],"replies":[{"embeddable":true,"href":"https:\/\/www.larpwright.eu\/de\/wp-json\/wp\/v2\/comments?post=133"}],"version-history":[{"count":9,"href":"https:\/\/www.larpwright.eu\/de\/wp-json\/wp\/v2\/pages\/133\/revisions"}],"predecessor-version":[{"id":654,"href":"https:\/\/www.larpwright.eu\/de\/wp-json\/wp\/v2\/pages\/133\/revisions\/654"}],"up":[{"embeddable":true,"href":"https:\/\/www.larpwright.eu\/de\/wp-json\/wp\/v2\/pages\/11"}],"wp:attachment":[{"href":"https:\/\/www.larpwright.eu\/de\/wp-json\/wp\/v2\/media?parent=133"}],"curies":[{"name":"wp","href":"https:\/\/api.w.org\/{rel}","templated":true}]}}