{"id":137,"date":"2023-04-21T02:45:07","date_gmt":"2023-04-21T02:45:07","guid":{"rendered":"https:\/\/www.larpwright.eu\/?page_id=137"},"modified":"2023-06-23T14:13:44","modified_gmt":"2023-06-23T14:13:44","slug":"workshops","status":"publish","type":"page","link":"https:\/\/www.larpwright.eu\/de\/structure\/workshops\/","title":{"rendered":"Workshops"},"content":{"rendered":"<p class=\"has-background\" style=\"background-color:#a9ccee\"><em>Diese m\u00f6gliche \u00dcbersichtsseite erkl\u00e4rt die verschiedenen Workshops.<\/em><\/p>\n\n\n\n<h2 class=\"wp-block-heading\">Workshop Design<\/h2>\n\n\n\n<p>Der Zweck des&nbsp;Workshops vor dem Larp&nbsp;ist es, die Teilnehmenden auf das Spiel vorzubereiten und ihnen gemeinsam das Setting und den Hintergrund des Larps zu vermitteln. Dabei sollen sie lernen, wie sie ihre Charaktere entwickeln und spielen, und ein gemeinsames Verst\u00e4ndnis f\u00fcr das Spiel erlangen. Um eine gute Atmosph\u00e4re zu schaffen, muss der Workshop ein sicherer Raum sein, in dem alle ihre Grenzen ausprobieren, Meta-Technikgen \u00fcben und Beziehungen zu den anderen Spieler*innen aufbauen k\u00f6nnen.<\/p>\n\n\n\n<p>Der Workshop besteht aus Vortr\u00e4gen, \u00dcbungen und Gruppendiskussionen. Einiges davon findet f\u00fcr alle gemeinsam statt, bestimmte Teile des Workshops sind getrennt nach Spezies, Oreaner oder Terraner*innen, organisiert. F\u00fcr den Ablauf der Workshops gehen wir zeitlich davon aus, dass das Larp von Freitagabend bis Sonntagmittag stattfindet. Direkt vor Spielbeginn erhalten die Teilnehmenden Zeit und Gelegenheit, ihren Charakteren und Beziehungen einen&nbsp;Feinschliff&nbsp;zu verpassen oder um letzte Fragen zu kl\u00e4ren.<\/p>\n\n\n\n<p>In den Episodenpausen w\u00e4hrend des Larps konzentrieren sich die Zwischen-Workshops&nbsp;2&nbsp;und&nbsp;3&nbsp;auf die Kalibrierung des Spiels und geben den Teilnehmenden die M\u00f6glichkeit, ihre Geschichten und Beziehungen zu reflektieren und anzupassen. Hierbei gibt es keinen richtigen oder falschen Weg. Das Ziel ist, die bestm\u00f6gliche Entwicklung f\u00fcr alle Teilnehmenden zu erreichen. Der Effekt ist sowohl Flexibilit\u00e4t als auch Eigenverantwortung f\u00fcr die Geschichte und die Erfahrung aller.<\/p>\n\n\n\n<p>Direkt im Anschluss an das Spiel findet das&nbsp;De-Rolling&nbsp;mit dem Ziel statt, die Spieler*innen aus der Fiktion herauszuf\u00fchren. Der Workshop nach dem Larp am Sonntag dient dazu, gemeinsam \u00fcber die Erfahrungen zu reflektieren. Dabei wird eine Verbindung zwischen Fiktion und realem Leben hergestellt und es wird festgelegt, welche Teile der Erfahrung Teilnehmende behalten und welche sie loslassen m\u00f6chten. Neben strukturierten Refelxions\u00fcbungen beinhaltet der Workshop auch Raum f\u00fcr die individuelle Nachsorge. <\/p>\n\n\n\n<h3 class=\"wp-block-heading\">Workshop-\u00dcberblick<\/h3>\n\n\n\n<figure class=\"wp-block-table\"><table class=\"has-fixed-layout\"><thead><tr><th>Workshop<\/th><th>Funktion<\/th><th>Inhalt<\/th><\/tr><\/thead><tbody><tr><td><em><a href=\"#ws1\">Workshop 1<\/a><\/em><br>Prelude<br>Erster Abend, inklusive Abendessen<br><\/td><td>&#8211; bereitet die Spieler*innen f\u00fcr die Teilnahme am Larp vor und gibt ihnen ein Verst\u00e4ndnis f\u00fcr die Art und Weise des gemeinsamen Spiels (Regeln und Meta-Techniken)<br>&#8211; Spieler*innen lernen \u00fcber das Settung, erschaffen ihre Charaktere und workshoppen Beziehungen<br>&#8211; Spieler*innen probieren alle Regeln und Meta-Techniken aus<br>&#8211; eine sichere Umgebung f\u00fcr alle soll geschaffen werden<\/td><td>&#8211; Begr\u00fc\u00dfung und praktische Informationen<br>&#8211; Rundgang durch den Veranstaltungsort<br>&#8211; Einf\u00fchrung in das Setting des Larp<br>&#8211; Informationen \u00fcber den Ablauf<br>&#8211; Workshop zur Vertrauensbildung (alle)<br>&#8211; Gruppenworkshops (nach Spezies, NSCs)<br>&#8211; Charakterentwicklung (in Gruppen)<\/td><\/tr><tr><td><em>Feinschliff<\/em><br>Unmittelbar vor Spielbeginn<\/td><td>&#8211; Raum, um Unklarheiten zu beseitigen<br>&#8211; Raum f\u00fcr letzte Vorbereitungen vor Spielstart<\/td><td>&#8211; Info \u00fcber Tagesablauf<br>&#8211; Fr\u00fchst\u00fcck<br>&#8211; Q&amp;A f\u00fcr (neue) Larpende<br>&#8211; Fertigstellung der Kost\u00fcme<\/td><\/tr><tr><td><em>Workshop 2<\/em><br>Zwischen der 1. und 2. Episode<br><\/td><td>&#8211; Charaktere, Beziehungen und Geschichten kalibrieren<br>&#8211; besondere Szenen besprechen und \u00fcben<\/td><td>&#8211; Info \u00fcber Workshopablauf<br>&#8211; Lunch<br>&#8211; Pause vor Spielbeginn<\/td><\/tr><tr><td><em>Workshop 3<\/em><br>Zwischen der 2. und 3. Episode<br><\/td><td>&#8211; Charaktere, Beziehungen und Geschichten kalibrieren<br>&#8211; besondere Szenen besprechen und \u00fcben<\/td><td>&#8211; Info \u00fcber Workshopablauf<br>&#8211; Pause vor Spielbeginn<\/td><\/tr><tr><td><em><a href=\"https:\/\/www.larpwright.eu\/activities\/de-rolling\/\" data-type=\"activity\" data-id=\"831\">De-Rolling<\/a><\/em><br>Nach dem Ende des Spiels<\/td><td>&#8211; deutliches Ende des Spiels signalisieren<br>&#8211; \u00dcbergang zur Off-Game-Party schaffen<\/td><td>&#8211; alle legen Namensschilder, Masken und andere Kost\u00fcmteile ab<br>&#8211; alle sagen sich von ihrem Charakter los<\/td><\/tr><tr><td><em>Workshop 4<\/em><br>Debriefing, Off-Game<\/td><td>&#8211; \u00dcbungen und Gespr\u00e4che zur Nachbereitung des Erlebten<br>&#8211; das Erlebte kontextualisieren<br>&#8211; Raum schaffen, das Larp hinter sich zu lassen<\/td><td>&#8211; stumme Diskussion und\/oder vergleichbare \u00dcbung (PAC-Analyse)<br>&#8211; Kontextvortrag <br>&#8211; Diskussionsrunde<\/td><\/tr><\/tbody><\/table><\/figure>\n\n\n\n<h2 class=\"wp-block-heading\" id=\"ws1\">Workshop 1: Prelude<\/h2>\n\n\n\n<p>Das Ziel des Workshops vor dem Larp ist es, einen sicheren Raum zu schaffen, damit die Spieler*innen einander kennen- und vertrauen lernen, die Hintergrundgeschichte erfahren und so tiefer in die Themen des Larps eintauchen zu k\u00f6nnen. Workshop 1 soll Vertrauen und N\u00e4he schaffen und sicherstellen, dass alle Teilnehmenden mit Spielstil, Erz\u00e4hlweise, Meta-Techniken und Regeln, insbesondere f\u00fcr die Herstellung von Sicherheit, im Bilde sind. Alle Workshops sind verpflichtend, aber man kann sich von einer \u00dcbung abmelden, wenn man das Gef\u00fchl hat, dass es notwendig ist. Das Larp ist &#8222;ready to play,&#8220; das hei\u00dft, man kann einfach zum Larp kommen, ohne vorher irgendetwas zu tun.<\/p>\n\n\n\n<h4 class=\"wp-block-heading\">Ablauf Prelude<\/h4>\n\n\n\n<figure class=\"wp-block-table is-style-stripes\"><table><thead><tr><th class=\"has-text-align-left\" data-align=\"left\">Tag 1: Uhrzeit<\/th><th class=\"has-text-align-left\" data-align=\"left\">Inhalt<\/th><th class=\"has-text-align-left\" data-align=\"left\">Zielgruppe<\/th><th>Ort<\/th><th>Zust\u00e4ndig<\/th><\/tr><\/thead><tbody><tr><td class=\"has-text-align-left\" data-align=\"left\"><strong>16:00<\/strong><\/td><td class=\"has-text-align-left\" data-align=\"left\"><strong><em>Ankunft<\/em><\/strong>: Bezug der Zimmer, Schl\u00fcsselausgabe<\/td><td class=\"has-text-align-left\" data-align=\"left\">alle<\/td><td>irgendwo<\/td><td>irgendwer<\/td><\/tr><tr><td class=\"has-text-align-left\" data-align=\"left\"><strong>17:00<\/strong><\/td><td class=\"has-text-align-left\" data-align=\"left\"><em><strong>Ansprache<\/strong><\/em>: Begr\u00fc\u00dfung und praktische Informationen<\/td><td class=\"has-text-align-left\" data-align=\"left\">alle<\/td><td>irgendwo<\/td><td>irgendwer<\/td><\/tr><tr><td class=\"has-text-align-left\" data-align=\"left\"><strong>17:15<\/strong><\/td><td class=\"has-text-align-left\" data-align=\"left\"><em><strong>Rundgang<\/strong><\/em> durch den Veranstaltungsort<\/td><td class=\"has-text-align-left\" data-align=\"left\">alle<\/td><td>irgendwo<\/td><td>irgendwer<\/td><\/tr><tr><td class=\"has-text-align-left\" data-align=\"left\"><strong>17:45<\/strong><\/td><td class=\"has-text-align-left\" data-align=\"left\"><em><strong>Vortrag<\/strong><\/em>: Einf\u00fchrung in das Setting des Larp<\/td><td class=\"has-text-align-left\" data-align=\"left\">alle<\/td><td>irgendwo<\/td><td>irgendwer<\/td><\/tr><tr><td class=\"has-text-align-left\" data-align=\"left\"><strong>18:15<\/strong><\/td><td class=\"has-text-align-left\" data-align=\"left\"><em><strong>Vortrag<\/strong><\/em>: Informationen \u00fcber den weiteren Ablauf<\/td><td class=\"has-text-align-left\" data-align=\"left\">alle<\/td><td>irgendwo<\/td><td>irgendwer<\/td><\/tr><tr><td class=\"has-text-align-left\" data-align=\"left\"><strong>18:30<\/strong><\/td><td class=\"has-text-align-left\" data-align=\"left\"><strong><em><a href=\"https:\/\/www.larpwright.eu\/activities\/exercise-a\/\" data-type=\"activity\" data-id=\"790\">\u00dcbung a)<\/a><\/em><\/strong> zur Vertrauensbildung und zu Meta-Techniken<\/td><td class=\"has-text-align-left\" data-align=\"left\">alle<\/td><td>irgendwo<\/td><td>irgendwer<\/td><\/tr><tr><td class=\"has-text-align-left\" data-align=\"left\"><em><strong>19:30<\/strong><\/em><\/td><td class=\"has-text-align-left\" data-align=\"left\"><em><strong>Pause<\/strong>: Abendessen<\/em><\/td><td class=\"has-text-align-left\" data-align=\"left\"><em>alle<\/em><\/td><td>irgendwo<\/td><td>irgendwer<\/td><\/tr><tr><td class=\"has-text-align-left\" data-align=\"left\"><strong>20:30<\/strong><\/td><td class=\"has-text-align-left\" data-align=\"left\"><em><strong>Gruppen\u00fcbungen<\/strong><\/em><br>b) Einf\u00fchrung Spezies A<br>c) Einf\u00fchrung Spezies B<\/td><td class=\"has-text-align-left\" data-align=\"left\"><br>b) Spezies A SC + GSC<br>c) Spezies B SC + GSC<\/td><td><br>b) irgendwo<br>c) irgendwo<\/td><td><br>b) irgendwer<br>c) irgendwer<\/td><\/tr><tr><td class=\"has-text-align-left\" data-align=\"left\"><strong>22:00<\/strong><\/td><td class=\"has-text-align-left\" data-align=\"left\"><strong><em>Pause<\/em><\/strong><\/td><td class=\"has-text-align-left\" data-align=\"left\">alle<\/td><td><\/td><td><\/td><\/tr><tr><td class=\"has-text-align-left\" data-align=\"left\"><strong>22:30<\/strong><\/td><td class=\"has-text-align-left\" data-align=\"left\"><strong><em>Gruppen\u00fcbungen<\/em><\/strong><br>d) Schl\u00fcsselszenen Spezies A<br>e) Schl\u00fcsselszenen Spezies B<\/td><td class=\"has-text-align-left\" data-align=\"left\">d) Spezies A SC + GSC<br>e) Spezies B SC + GSC<\/td><td>d) irgendwo<br>e) irgendwo<\/td><td>d) irgendwer<br>e) irgendwer<\/td><\/tr><tr><td class=\"has-text-align-left\" data-align=\"left\"><strong>23:30<\/strong><\/td><td class=\"has-text-align-left\" data-align=\"left\">Ende Tag 1<\/td><td class=\"has-text-align-left\" data-align=\"left\"><\/td><td><\/td><td><\/td><\/tr><\/tbody><\/table><\/figure>\n\n\n\n<p class=\"has-small-font-size\"><strong>Anmerkung<\/strong><br>Die obige Art und Weise, das Design, den Inhalt und den Zeitplan der Workshops zu beschreiben, wurde von dem Format inspiriert, das im Larp-Skript f\u00fcr &#8222;<a rel=\"noreferrer noopener\" href=\"https:\/\/www.kickstarter.com\/projects\/1527944014\/just-a-little-lovin-larp-script-book\" target=\"_blank\">Just a Little Lovin&#8216;<\/a>&#8220; verwendet wurde.<\/p>","protected":false},"excerpt":{"rendered":"<p>Diese m\u00f6gliche \u00dcbersichtsseite erkl\u00e4rt die verschiedenen Workshops. Workshop Design Der Zweck des&nbsp;Workshops vor dem Larp&nbsp;ist es, die Teilnehmenden auf das Spiel vorzubereiten und ihnen gemeinsam das Setting und den Hintergrund des Larps zu vermitteln. Dabei sollen sie lernen, wie sie ihre Charaktere entwickeln und spielen, und ein gemeinsames Verst\u00e4ndnis f\u00fcr das Spiel erlangen. Um eine&hellip; <a class=\"more-link\" href=\"https:\/\/www.larpwright.eu\/de\/structure\/workshops\/\"><span class=\"screen-reader-text\">Workshops<\/span> weiterlesen<\/a><\/p>\n","protected":false},"author":2,"featured_media":0,"parent":10,"menu_order":0,"comment_status":"open","ping_status":"closed","template":"","meta":{"footnotes":""},"class_list":["post-137","page","type-page","status-publish","hentry","entry"],"_links":{"self":[{"href":"https:\/\/www.larpwright.eu\/de\/wp-json\/wp\/v2\/pages\/137","targetHints":{"allow":["GET"]}}],"collection":[{"href":"https:\/\/www.larpwright.eu\/de\/wp-json\/wp\/v2\/pages"}],"about":[{"href":"https:\/\/www.larpwright.eu\/de\/wp-json\/wp\/v2\/types\/page"}],"author":[{"embeddable":true,"href":"https:\/\/www.larpwright.eu\/de\/wp-json\/wp\/v2\/users\/2"}],"replies":[{"embeddable":true,"href":"https:\/\/www.larpwright.eu\/de\/wp-json\/wp\/v2\/comments?post=137"}],"version-history":[{"count":45,"href":"https:\/\/www.larpwright.eu\/de\/wp-json\/wp\/v2\/pages\/137\/revisions"}],"predecessor-version":[{"id":846,"href":"https:\/\/www.larpwright.eu\/de\/wp-json\/wp\/v2\/pages\/137\/revisions\/846"}],"up":[{"embeddable":true,"href":"https:\/\/www.larpwright.eu\/de\/wp-json\/wp\/v2\/pages\/10"}],"wp:attachment":[{"href":"https:\/\/www.larpwright.eu\/de\/wp-json\/wp\/v2\/media?parent=137"}],"curies":[{"name":"wp","href":"https:\/\/api.w.org\/{rel}","templated":true}]}}