{"id":2,"date":"2023-04-03T06:45:59","date_gmt":"2023-04-03T06:45:59","guid":{"rendered":"https:\/\/www.larpwright.eu\/?page_id=2"},"modified":"2023-05-30T09:19:49","modified_gmt":"2023-05-30T09:19:49","slug":"larpwright","status":"publish","type":"page","link":"https:\/\/www.larpwright.eu\/de\/","title":{"rendered":"Larpwright"},"content":{"rendered":"<div class=\"wp-block-media-text alignwide has-media-on-the-right is-stacked-on-mobile is-style-default\" style=\"grid-template-columns:auto 25%\"><div class=\"wp-block-media-text__content\">\n<h2 class=\"wp-block-heading\">Gemeinschaftliches Larp-Schreiben<\/h2>\n\n\n\n<p>Willkommen bei &#8222;Larpwright Online&#8220;, einem WordPress-basierten Tool f\u00fcr die Gestaltung von Larps. Es bietet die Custom Post-Types &#8222;Charakter&#8220;, &#8222;Szene&#8220;, &#8222;Location&#8220;, &#8222;Requisite&#8220; und &#8222;Workshop-Aktivit\u00e4t&#8220; \u00fcber das Plugin <a rel=\"noreferrer noopener\" href=\"https:\/\/github.com\/larpgit\/larpwright\" target=\"_blank\">Larpwright Design Tools<\/a>. Es enth\u00e4lt eine Reihe anderer kostenloser Plugins, die beim Schreiben, Diskutieren und gemeinsamen Entwerfen von Charakteren, Plots und Spielmechaniken helfen.<\/p>\n\n\n\n<p><a href=\"https:\/\/github.com\/larpGit\/larpwright\" target=\"_blank\" rel=\"noopener\"><img decoding=\"async\" src=\"https:\/\/img.shields.io\/github\/v\/release\/larpGit\/larpwright?color=lightgrey&amp;logo=github&amp;style=for-the-badge\" alt=\"GitHub release (latest by date)\"><\/a><\/p>\n\n\n\n<p>Das &#8222;Larpwright Design Tools&#8220;-Plugin kann gerne zum Einrichten einer eigenen Seite verwendet werden. Diese Website dient zu Demonstrationszwecken. Beispiele f\u00fcr Charaktere, das Larp-Setup oder den Plot sind \u00fcber die Navigation oben einsehbar.<\/p>\n<\/div><figure class=\"wp-block-media-text__media\"><a href=\"https:\/\/github.com\/larpgit\/larpwright\"><img loading=\"lazy\" decoding=\"async\" width=\"150\" height=\"150\" src=\"https:\/\/www.larpwright.eu\/wp-content\/uploads\/2023\/04\/larpwright_logo-150x150.png\" alt=\"blue circle with stylized L and W, below LarpWright Design Tools\" class=\"wp-image-119 size-thumbnail\" srcset=\"https:\/\/www.larpwright.eu\/wp-content\/uploads\/2023\/04\/larpwright_logo-150x150.png 150w, https:\/\/www.larpwright.eu\/wp-content\/uploads\/2023\/04\/larpwright_logo-300x300.png 300w, https:\/\/www.larpwright.eu\/wp-content\/uploads\/2023\/04\/larpwright_logo-1024x1024.png 1024w, https:\/\/www.larpwright.eu\/wp-content\/uploads\/2023\/04\/larpwright_logo-768x768.png 768w, https:\/\/www.larpwright.eu\/wp-content\/uploads\/2023\/04\/larpwright_logo.png 1200w\" sizes=\"auto, (max-width: 150px) 100vw, 150px\" \/><\/a><\/figure><\/div>\n\n\n\n<div class=\"wp-block-media-text alignwide has-media-on-the-right is-stacked-on-mobile is-style-default\" style=\"grid-template-columns:auto 25%\"><div class=\"wp-block-media-text__content\">\n<h2 class=\"wp-block-heading\">Larp Debriefing<\/h2>\n\n\n\n<p>P\u00e4dagogische und politische Larps beinhalten in der Regel eine Reflexionsphase, die oft als Debriefing bezeichnet wird. Eine formelle Nachbesprechung umfasst spontane, unmittelbare Aussagen \u00fcber die Larp-Erfahrung und strukturiertere Formen von Gruppendiskussionen und Unterst\u00fctzung bei der individuellen Sinnfindung. F\u00fcr eine Mixed-Method Visualisierungs- und Reflexionsstrategie bieten wir unsere Shiny-App &#8222;<a href=\"https:\/\/www.larpwright.eu\/relarp\/\">reLarp<\/a>&#8220; an.<\/p>\n\n\n\n<p><a href=\"https:\/\/github.com\/larpGit\/relarp\" target=\"_blank\" rel=\"noopener\"><img decoding=\"async\" src=\"https:\/\/img.shields.io\/github\/v\/release\/larpGit\/relarp?color=lightgrey&amp;label=version&amp;logo=github&amp;style=for-the-badge\" alt=\"GitHub release (latest by date)\"><\/a>\u3000<img decoding=\"async\" src=\"https:\/\/img.shields.io\/badge\/R-88.5%25-blue?style=for-the-badge\" alt=\"Language R in percent\">\u3000<img decoding=\"async\" src=\"https:\/\/img.shields.io\/badge\/CSS-11.5%25-blueviolet?style=for-the-badge\" alt=\"Language CSS in percent\"><\/p>\n\n\n\n<p>Vor der Nutzung der Demoversion auf <a rel=\"noreferrer noopener\" href=\"https:\/\/b-ok.shinyapps.io\/reLarp\" target=\"_blank\">shinyapps.io<\/a> bitten wir darum, die entsprechenden <a href=\"https:\/\/www.larpwright.eu\/relarp\/\" data-type=\"page\" data-id=\"192\">Datenschutzhinweise<\/a> zu lesen.<\/p>\n<\/div><figure class=\"wp-block-media-text__media\"><a href=\"https:\/\/github.com\/larpGit\/relarp\"><img loading=\"lazy\" decoding=\"async\" width=\"931\" height=\"1024\" src=\"https:\/\/www.larpwright.eu\/wp-content\/uploads\/2023\/04\/relarp_logo-931x1024.png\" alt=\"blue thought bubble with stylized L and re, below reLarp\" class=\"wp-image-282 size-thumbnail\" srcset=\"https:\/\/www.larpwright.eu\/wp-content\/uploads\/2023\/04\/relarp_logo-931x1024.png 931w, https:\/\/www.larpwright.eu\/wp-content\/uploads\/2023\/04\/relarp_logo-273x300.png 273w, https:\/\/www.larpwright.eu\/wp-content\/uploads\/2023\/04\/relarp_logo-768x845.png 768w, https:\/\/www.larpwright.eu\/wp-content\/uploads\/2023\/04\/relarp_logo.png 1000w\" sizes=\"auto, (max-width: 931px) 100vw, 931px\" \/><\/a><\/figure><\/div>\n\n\n\n<p>Fragen zum Plugin und zur App bitte an <a href=\"mailto:info@larpwright.eu\">info@larpwright.eu<\/a> richten. <\/p>","protected":false},"excerpt":{"rendered":"<p>Gemeinschaftliches Larp-Schreiben Willkommen bei &#8222;Larpwright Online&#8220;, einem WordPress-basierten Tool f\u00fcr die Gestaltung von Larps. Es bietet die Custom Post-Types &#8222;Charakter&#8220;, &#8222;Szene&#8220;, &#8222;Location&#8220;, &#8222;Requisite&#8220; und &#8222;Workshop-Aktivit\u00e4t&#8220; \u00fcber das Plugin Larpwright Design Tools. Es enth\u00e4lt eine Reihe anderer kostenloser Plugins, die beim Schreiben, Diskutieren und gemeinsamen Entwerfen von Charakteren, Plots und Spielmechaniken helfen. Das &#8222;Larpwright Design Tools&#8220;-Plugin&hellip; <a class=\"more-link\" href=\"https:\/\/www.larpwright.eu\/de\/\"><span class=\"screen-reader-text\">Larpwright<\/span> weiterlesen<\/a><\/p>\n","protected":false},"author":2,"featured_media":0,"parent":0,"menu_order":0,"comment_status":"closed","ping_status":"closed","template":"","meta":{"footnotes":""},"class_list":["post-2","page","type-page","status-publish","hentry","entry"],"_links":{"self":[{"href":"https:\/\/www.larpwright.eu\/de\/wp-json\/wp\/v2\/pages\/2","targetHints":{"allow":["GET"]}}],"collection":[{"href":"https:\/\/www.larpwright.eu\/de\/wp-json\/wp\/v2\/pages"}],"about":[{"href":"https:\/\/www.larpwright.eu\/de\/wp-json\/wp\/v2\/types\/page"}],"author":[{"embeddable":true,"href":"https:\/\/www.larpwright.eu\/de\/wp-json\/wp\/v2\/users\/2"}],"replies":[{"embeddable":true,"href":"https:\/\/www.larpwright.eu\/de\/wp-json\/wp\/v2\/comments?post=2"}],"version-history":[{"count":49,"href":"https:\/\/www.larpwright.eu\/de\/wp-json\/wp\/v2\/pages\/2\/revisions"}],"predecessor-version":[{"id":818,"href":"https:\/\/www.larpwright.eu\/de\/wp-json\/wp\/v2\/pages\/2\/revisions\/818"}],"wp:attachment":[{"href":"https:\/\/www.larpwright.eu\/de\/wp-json\/wp\/v2\/media?parent=2"}],"curies":[{"name":"wp","href":"https:\/\/api.w.org\/{rel}","templated":true}]}}