{"id":738,"date":"2023-05-15T07:20:12","date_gmt":"2023-05-15T07:20:12","guid":{"rendered":"https:\/\/www.larpwright.eu\/?page_id=738"},"modified":"2023-05-15T07:38:52","modified_gmt":"2023-05-15T07:38:52","slug":"attitudes","status":"publish","type":"page","link":"https:\/\/www.larpwright.eu\/de\/mechanics\/attitudes\/","title":{"rendered":"Haltungen"},"content":{"rendered":"<p class=\"has-background\" style=\"background-color:#a9ccee\"><em>Nachfolgend eine Liste der <a href=\"https:\/\/www.larpwright.eu\/mechanics\/rules\/\" data-type=\"page\" data-id=\"133\">Haltungen<\/a> f\u00fcr Charaktere.<\/em><\/p>\n\n\n\n<h3 class=\"wp-block-heading\"><a href=\"https:\/\/www.larpwright.eu\/attitudes\/adverse\/\" data-type=\"attitude\" data-id=\"15\">Gegnerisch<\/a><\/h3>\n\n\n\n<p>Eine gegnerische Haltung bedeutet, dass man Situationen mit einer wettbewerbsorientierten Denkweise angeht und andere als Gegner oder Rivalen betrachtet. Charaktere mit dieser Haltung neigen zur Konfrontation, sind darauf konzentriert, zu gewinnen oder sich gegen andere durchzusetzen, und stellen ihre eigenen Interessen \u00fcber die der Gruppe, was oft zu Konflikten und Machtk\u00e4mpfen f\u00fchrt.<\/p>\n\n\n\n<h3 class=\"wp-block-heading\"><a href=\"https:\/\/www.larpwright.eu\/attitudes\/assertive\/\" data-type=\"attitude\" data-id=\"40\">Energisch<\/a><\/h3>\n\n\n\n<p>Eine energische Haltung zeichnet sich durch die F\u00e4higkeit aus, die eigenen Gedanken, Gef\u00fchle und Meinungen selbstbewusst und direkt auszudr\u00fccken, ohne dabei aggressiv zu sein. Energische Charaktere k\u00f6nnen ihren Standpunkt fest vertreten und gleichzeitig die Rechte und Grenzen anderer respektieren, sich effektiv f\u00fcr ihre eigenen Bed\u00fcrfnisse einsetzen und in schwierigen Situationen eine ausgewogene Perspektive wahren.<\/p>\n\n\n\n<h3 class=\"wp-block-heading\"><a href=\"https:\/\/www.larpwright.eu\/attitudes\/cautious\/\" data-type=\"attitude\" data-id=\"16\">Vorsichtig<\/a><\/h3>\n\n\n\n<p>Bei einer vorsichtigen Haltung geht es um sorgf\u00e4ltige \u00dcberlegung und Wachsamkeit, bevor man etwas unternimmt. Vorsichtige Charaktere analysieren m\u00f6gliche Risiken und Ergebnisse, bevor sie Entscheidungen treffen, und vermeiden impulsives oder r\u00fccksichtsloses Verhalten. In unsicheren Situationen gehen sie eher konservativ vor und konzentrieren sich darauf, m\u00f6gliche negative Folgen zu minimieren und Sicherheit zu gew\u00e4hrleisten.<\/p>\n\n\n\n<h3 class=\"wp-block-heading\"><a href=\"https:\/\/www.larpwright.eu\/attitudes\/optimistic\/\" data-type=\"attitude\" data-id=\"38\">Optimistisch<\/a><\/h3>\n\n\n\n<p>Zu einer optimistischen Haltung geh\u00f6rt, dass man eine positive Lebenseinstellung beibeh\u00e4lt und selbst unter schwierigen Umst\u00e4nden mit positiven Ergebnissen rechnet. Optimistische Charaktere neigen dazu, Chancen und L\u00f6sungen zu sehen, anstatt sich auf Probleme zu konzentrieren, und zeigen Widerstandsf\u00e4higkeit und Vertrauen in ihre F\u00e4higkeit, Hindernisse zu \u00fcberwinden und eine bessere Zukunft zu schaffen.<\/p>\n\n\n\n<h3 class=\"wp-block-heading\"><a href=\"https:\/\/www.larpwright.eu\/attitudes\/restrained\/\" data-type=\"attitude\" data-id=\"39\">Zur\u00fcckhaltend<\/a><\/h3>\n\n\n\n<p>Eine zur\u00fcckhaltende Haltung zeichnet sich durch Selbstbeherrschung und M\u00e4\u00dfigung beim Ausdruck von Gef\u00fchlen oder Meinungen aus. Zur\u00fcckhaltende Charaktere k\u00f6nnen ihre unmittelbaren Reaktionen unterdr\u00fccken und ihre Worte und Handlungen sorgf\u00e4ltig ausw\u00e4hlen, um Missverst\u00e4ndnisse oder Konflikte zu vermeiden. Dieser Ansatz kann eine durchdachte Kommunikation und Diplomatie f\u00f6rdern, kann aber auch dazu f\u00fchren, dass man sie als distanziert oder passiv empfindet.<\/p>","protected":false},"excerpt":{"rendered":"<p>Nachfolgend eine Liste der Haltungen f\u00fcr Charaktere. Gegnerisch Eine gegnerische Haltung bedeutet, dass man Situationen mit einer wettbewerbsorientierten Denkweise angeht und andere als Gegner oder Rivalen betrachtet. Charaktere mit dieser Haltung neigen zur Konfrontation, sind darauf konzentriert, zu gewinnen oder sich gegen andere durchzusetzen, und stellen ihre eigenen Interessen \u00fcber die der Gruppe, was oft&hellip; <a class=\"more-link\" href=\"https:\/\/www.larpwright.eu\/de\/mechanics\/attitudes\/\"><span class=\"screen-reader-text\">Haltungen<\/span> weiterlesen<\/a><\/p>\n","protected":false},"author":2,"featured_media":0,"parent":11,"menu_order":0,"comment_status":"closed","ping_status":"closed","template":"","meta":{"footnotes":""},"class_list":["post-738","page","type-page","status-publish","hentry","entry"],"_links":{"self":[{"href":"https:\/\/www.larpwright.eu\/de\/wp-json\/wp\/v2\/pages\/738","targetHints":{"allow":["GET"]}}],"collection":[{"href":"https:\/\/www.larpwright.eu\/de\/wp-json\/wp\/v2\/pages"}],"about":[{"href":"https:\/\/www.larpwright.eu\/de\/wp-json\/wp\/v2\/types\/page"}],"author":[{"embeddable":true,"href":"https:\/\/www.larpwright.eu\/de\/wp-json\/wp\/v2\/users\/2"}],"replies":[{"embeddable":true,"href":"https:\/\/www.larpwright.eu\/de\/wp-json\/wp\/v2\/comments?post=738"}],"version-history":[{"count":12,"href":"https:\/\/www.larpwright.eu\/de\/wp-json\/wp\/v2\/pages\/738\/revisions"}],"predecessor-version":[{"id":760,"href":"https:\/\/www.larpwright.eu\/de\/wp-json\/wp\/v2\/pages\/738\/revisions\/760"}],"up":[{"embeddable":true,"href":"https:\/\/www.larpwright.eu\/de\/wp-json\/wp\/v2\/pages\/11"}],"wp:attachment":[{"href":"https:\/\/www.larpwright.eu\/de\/wp-json\/wp\/v2\/media?parent=738"}],"curies":[{"name":"wp","href":"https:\/\/api.w.org\/{rel}","templated":true}]}}