{"id":8,"date":"2023-04-03T06:54:26","date_gmt":"2023-04-03T06:54:26","guid":{"rendered":"https:\/\/www.larpwright.eu\/?page_id=8"},"modified":"2023-05-16T01:43:54","modified_gmt":"2023-05-16T01:43:54","slug":"setup","status":"publish","type":"page","link":"https:\/\/www.larpwright.eu\/de\/setup\/","title":{"rendered":"Setup"},"content":{"rendered":"<p class=\"has-background\" style=\"background-color:#a9ccee\"><em>Das ist eine m\u00f6gliche \u00dcbersichtsseite f\u00fcr das allgemeine Setup eines Larps, der Welthintergrund und materielle Aspekte.<\/em><\/p>\n\n\n\n<h2 class=\"wp-block-heading\">Setting<\/h2>\n\n\n\n<p>Im Jahr 2173 wurde die Erde von den Chromarin, farbenfrohen au\u00dferirdischen Geistwesenheiten, in einen surrealen interdimensionalen Knotenpunkt verwandelt, der eine Vielzahl anderer au\u00dferirdischer Spezies anzog. Die Menschheit koexistiert nun mit diesen Wesen in einer kaleidoskopischen Welt aus schillernden Landschaften und fortschrittlicher Technologie. Diese Verschmelzung der Kulturen hat eine beispiellose Innovation ausgel\u00f6st, stellt aber auch die Souver\u00e4nit\u00e4t der Erde in Frage und verwischt die Grenzen der menschlichen Identit\u00e4t. W\u00e4hrend der Planet sowohl mit Wundern als auch mit Konflikten konfrontiert ist, m\u00fcssen sich die Menschen anpassen und sich in dieses neuen, au\u00dfergew\u00f6hnlichen Zustands inmitten der Weiten des Kosmos neu definieren.<\/p>\n\n\n\n<p>Eine drohende Bedrohung durch eine feindliche au\u00dferirdische Macht, die sogenannten Kluftbringer, treibt vier Fraktionen der st\u00e4ndigen Bewohner*innen der Erde \u2014 die Menschen, die friedlichen, aber m\u00e4chtigen au\u00dferirdischen Eirenthianer, die telepathischen au\u00dferirdischen Omegari und die kybernetisch verbesserten Menschen, bekannt als die Technosapiens \u2014 an den Rand eines Krieges. W\u00e4hrend sich die Kluftbringer auf die Invasion der Erde vorbereiten, m\u00fcssen die vier Fraktionen tiefsitzendes Misstrauen und ideologische Differenzen \u00fcberwinden, um eine gemeinsame Front gegen die Invasoren zu bilden. Durch einen heiklen Tanz aus Diplomatie, strategischer Planung und Kompromissen m\u00fcssen die Fraktionen entweder ihre Kr\u00e4fte b\u00fcndeln, um die Erde zu verteidigen, oder riskieren, alles zu verlieren, was ihnen lieb und teuer ist.<\/p>\n\n\n\n<p><a href=\"https:\/\/www.larpwright.eu\/setup\/setting\/\" data-type=\"page\" data-id=\"129\">Weiter zum Setting<\/a><\/p>\n\n\n\n<figure class=\"wp-block-image size-full\"><img loading=\"lazy\" decoding=\"async\" width=\"1024\" height=\"1024\" src=\"https:\/\/www.larpwright.eu\/wp-content\/uploads\/2023\/05\/prsimcore.png\" alt=\"Cyber-crystalline hybrid structure building on an artificial island\" class=\"wp-image-616\" srcset=\"https:\/\/www.larpwright.eu\/wp-content\/uploads\/2023\/05\/prsimcore.png 1024w, https:\/\/www.larpwright.eu\/wp-content\/uploads\/2023\/05\/prsimcore-300x300.png 300w, https:\/\/www.larpwright.eu\/wp-content\/uploads\/2023\/05\/prsimcore-150x150.png 150w, https:\/\/www.larpwright.eu\/wp-content\/uploads\/2023\/05\/prsimcore-768x768.png 768w\" sizes=\"auto, (max-width: 1024px) 100vw, 1024px\" \/><\/figure>\n\n\n\n<h2 class=\"wp-block-heading\">Locations &amp; Materialien<\/h2>\n\n\n\n<p>Das Larp findet im &#8222;Prismenkern&#8220; statt, einer cyberkristallinen Hybridstruktur auf einer k\u00fcnstlichen Insel, die von den Chromarin zur\u00fcckgelassen wurde und den st\u00e4ndigen Bewohnern der Erde seit Jahrzehnten als neutraler Boden dient.<\/p>\n\n\n\n<p>Es wird ein gr\u00f6\u00dferer Raum ben\u00f6tigt, der einen Konferenztisch und alle Fraktionsvertreter*innen f\u00fcr ihre Beratungen aufnehmen kann. Dar\u00fcber hinaus werden mindestens vier kleinere R\u00e4ume ben\u00f6tigt, die jeder Fraktion als Heimstatt dienen k\u00f6nnen. Kristalle, farbiges Glas, glitzernde T\u00fccher und einige Metallelemente, sowie Rohre und Schl\u00e4uche bieten sich an, um die R\u00e4ume zu dekorieren.<\/p>\n\n\n\n<p><a href=\"https:\/\/www.larpwright.eu\/setup\/location-props\/\" data-type=\"page\" data-id=\"131\">Mehr zu Locations und Requisiten<\/a><\/p>\n\n\n\n<p class=\"has-background has-extra-small-font-size\" style=\"background-color:#dededebd\"><strong>Disclaimer<\/strong><br>Alle Charakter-, Location- und Requisitenbilder auf dieser Demoseite wurden mit Midjourney generiert, um zu sehen, was die KI leisten kann. Dies ist keine Bef\u00fcrwortung von KI-generierter Kunst gegen\u00fcber der Arbeit von K\u00fcnstler*innen. F\u00fcr tats\u00e4chliche Larp-Projekte bevorzugen wir es, die Kunstwerke entweder selbst zu erstellen oder mit Kolleg*innen zusammenzuarbeiten.<\/p>","protected":false},"excerpt":{"rendered":"<p>Das ist eine m\u00f6gliche \u00dcbersichtsseite f\u00fcr das allgemeine Setup eines Larps, der Welthintergrund und materielle Aspekte. Setting Im Jahr 2173 wurde die Erde von den Chromarin, farbenfrohen au\u00dferirdischen Geistwesenheiten, in einen surrealen interdimensionalen Knotenpunkt verwandelt, der eine Vielzahl anderer au\u00dferirdischer Spezies anzog. Die Menschheit koexistiert nun mit diesen Wesen in einer kaleidoskopischen Welt aus schillernden&hellip; <a class=\"more-link\" href=\"https:\/\/www.larpwright.eu\/de\/setup\/\"><span class=\"screen-reader-text\">Setup<\/span> weiterlesen<\/a><\/p>\n","protected":false},"author":2,"featured_media":0,"parent":0,"menu_order":0,"comment_status":"open","ping_status":"closed","template":"","meta":{"footnotes":""},"class_list":["post-8","page","type-page","status-publish","hentry","entry"],"_links":{"self":[{"href":"https:\/\/www.larpwright.eu\/de\/wp-json\/wp\/v2\/pages\/8","targetHints":{"allow":["GET"]}}],"collection":[{"href":"https:\/\/www.larpwright.eu\/de\/wp-json\/wp\/v2\/pages"}],"about":[{"href":"https:\/\/www.larpwright.eu\/de\/wp-json\/wp\/v2\/types\/page"}],"author":[{"embeddable":true,"href":"https:\/\/www.larpwright.eu\/de\/wp-json\/wp\/v2\/users\/2"}],"replies":[{"embeddable":true,"href":"https:\/\/www.larpwright.eu\/de\/wp-json\/wp\/v2\/comments?post=8"}],"version-history":[{"count":31,"href":"https:\/\/www.larpwright.eu\/de\/wp-json\/wp\/v2\/pages\/8\/revisions"}],"predecessor-version":[{"id":781,"href":"https:\/\/www.larpwright.eu\/de\/wp-json\/wp\/v2\/pages\/8\/revisions\/781"}],"wp:attachment":[{"href":"https:\/\/www.larpwright.eu\/de\/wp-json\/wp\/v2\/media?parent=8"}],"curies":[{"name":"wp","href":"https:\/\/api.w.org\/{rel}","templated":true}]}}