{"id":9,"date":"2023-04-03T06:54:26","date_gmt":"2023-04-03T06:54:26","guid":{"rendered":"https:\/\/www.larpwright.eu\/?page_id=9"},"modified":"2023-05-16T01:45:40","modified_gmt":"2023-05-16T01:45:40","slug":"characters","status":"publish","type":"page","link":"https:\/\/www.larpwright.eu\/de\/characters\/","title":{"rendered":"Charaktere"},"content":{"rendered":"<p class=\"has-background\" style=\"background-color:#a9ccee\"><em>Nachfolgend findet sich eine Liste aller Charaktere, geordnet nach Charaktertyp. Die Listen werden mit dem Plugin &#8222;Display Post Types&#8220; erzeugt, das nur den jeweiligen Charaktertyp anzeigt. <\/em><br><em>Die \u00dcberschriften unten und die Untermen\u00fcpunkte in der Navigation oben verweisen auf die Archivseiten des jeweiligen Charaktertyps.<\/em><\/p>\n\n\n\n<h2 class=\"wp-block-heading\"><a href=\"https:\/\/www.larpwright.eu\/character-types\/pc\/\" data-type=\"character-type\" data-id=\"4\">Spielercharaktere<\/a><\/h2>\n\n\n\n\t\t\t<div class=\"display-post-types\">\n\n\t\t\t\t\t\t\t<style type=\"text\/css\">\n\t\t\t#dpt-wrapper-174 { --dpt-text-align: left;--dpt-image-crop: center;--dpt-border-radius: 5px;--dpt-h-gutter: 10px;--dpt-v-gutter: 10px; }\t\t\t<\/style>\n\t\t\t<style type=\"text\/css\">#dpt-wrapper-174 { --dpt-title-font-style:normal;--dpt-title-font-weight:600;--dpt-title-line-height:1.5;--dpt-title-text-decoration:none;--dpt-title-text-transform:none;--dpt-excerpt-font-style:normal;--dpt-excerpt-font-weight:400;--dpt-excerpt-line-height:1.5;--dpt-excerpt-text-decoration:none;--dpt-excerpt-text-transform:none;--dpt-meta1-font-style:normal;--dpt-meta1-font-weight:400;--dpt-meta1-line-height:1.9;--dpt-meta1-text-decoration:none;--dpt-meta1-text-transform:none;--dpt-meta2-font-style:normal;--dpt-meta2-font-weight:400;--dpt-meta2-line-height:1.9;--dpt-meta2-text-decoration:none;--dpt-meta2-text-transform:none; }<\/style>\t\t\t\n\t\t\t\t<div id=\"dpt-wrapper-174\" class=\"dpt-wrapper dpt-list1 dpt-flex-wrap\" >\n\n\t\t\t\t\t\t\t\t\t\t\t<div class=\"dpt-entry has-thumbnail\" data-title=\"eridas p.\" data-id=\"58\"  data-character-type=\"spielercharakter\" data-species=\"eirenthianer\" data-profession=\"politiker*in geistes\/sozialwissenschaftler*in\" data-group=\"debriefing 1 entdecker-vereinigung weltweites energie-konsortium\" data-attitude=\"optimistisch\">\n\t\t\t\t\t\t\t<div class=\"dpt-entry-wrapper\"><div class=\" dpt-featured-content\"><div class=\" dpt-permalink\"><a href=\"https:\/\/www.larpwright.eu\/de\/characters\/eridas-p\/\" class=\"dpt-permalink\"><span class=\"screen-reader-text\">Eridas P.<\/span><\/a><\/div><div class=\" dpt-thumbnail\"><div class=\"dpt-thumbnail-inner\"><img width=\"1024\" height=\"1024\" class=\"attachment-full size-full\" alt=\"bearded, blue-green-skinned alien with a large grin\" context=\"dpt\" style=\"width:100%;height:100%;max-width:1024px;\" data-dpt-src=\"https:\/\/www.larpwright.eu\/wp-content\/uploads\/2023\/04\/eirenthian.png\" data-dpt-sizes=\"(max-width: 1024px) 100vw, 1024px\" data-dpt-srcset=\"https:\/\/www.larpwright.eu\/wp-content\/uploads\/2023\/04\/eirenthian.png 1024w, https:\/\/www.larpwright.eu\/wp-content\/uploads\/2023\/04\/eirenthian-300x300.png 300w, https:\/\/www.larpwright.eu\/wp-content\/uploads\/2023\/04\/eirenthian-150x150.png 150w, https:\/\/www.larpwright.eu\/wp-content\/uploads\/2023\/04\/eirenthian-768x768.png 768w\" \/><\/div><span class=\"dpt-thumbnail-aspect-ratio\" style=\"padding-top: 100%\"><\/span><\/div><\/div><div class=\" sub-entry\"><h3 class=\" dpt-title\"><a class=\"dpt-title-link\" href=\"https:\/\/www.larpwright.eu\/de\/characters\/eridas-p\/\" rel=\"bookmark\">Eridas P.<\/a><\/h3><div class=\" dpt-excerpt\">Charismatische\/r und einf\u00fchlsame\/r Anf\u00fchrer*in der Eirenthianer<\/div><\/div><\/div>\n\t\t\t\t\t\t<\/div><!-- .dpt-entry -->\n\t\t\t\t\t\t\t\t\t\t\t\t<div class=\"dpt-entry has-thumbnail\" data-title=\"g. xander\" data-id=\"235\"  data-character-type=\"spielercharakter\" data-species=\"technosapiens\" data-profession=\"manager*in naturwissenschaftler*in\" data-group=\"debriefing 2 weltweites energie-konsortium\" data-attitude=\"energisch\">\n\t\t\t\t\t\t\t<div class=\"dpt-entry-wrapper\"><div class=\" dpt-featured-content\"><div class=\" dpt-permalink\"><a href=\"https:\/\/www.larpwright.eu\/de\/characters\/g-xander\/\" class=\"dpt-permalink\"><span class=\"screen-reader-text\">G. Xander<\/span><\/a><\/div><div class=\" dpt-thumbnail\"><div class=\"dpt-thumbnail-inner\"><img width=\"1024\" height=\"1024\" class=\"attachment-full size-full\" alt=\"androgynous, floating human-machine hybrid\" context=\"dpt\" style=\"width:100%;height:100%;max-width:1024px;\" data-dpt-src=\"https:\/\/www.larpwright.eu\/wp-content\/uploads\/2023\/04\/technosapiens.png\" data-dpt-sizes=\"(max-width: 1024px) 100vw, 1024px\" data-dpt-srcset=\"https:\/\/www.larpwright.eu\/wp-content\/uploads\/2023\/04\/technosapiens.png 1024w, https:\/\/www.larpwright.eu\/wp-content\/uploads\/2023\/04\/technosapiens-300x300.png 300w, https:\/\/www.larpwright.eu\/wp-content\/uploads\/2023\/04\/technosapiens-150x150.png 150w, https:\/\/www.larpwright.eu\/wp-content\/uploads\/2023\/04\/technosapiens-768x768.png 768w\" \/><\/div><span class=\"dpt-thumbnail-aspect-ratio\" style=\"padding-top: 100%\"><\/span><\/div><\/div><div class=\" sub-entry\"><h3 class=\" dpt-title\"><a class=\"dpt-title-link\" href=\"https:\/\/www.larpwright.eu\/de\/characters\/g-xander\/\" rel=\"bookmark\">G. Xander<\/a><\/h3><div class=\" dpt-excerpt\">Ein\/e gerissene\/r Planer*in und kybernetisches Genie, das die Technosapiens anf\u00fchrt<\/div><\/div><\/div>\n\t\t\t\t\t\t<\/div><!-- .dpt-entry -->\n\t\t\t\t\t\t\t\t\t\t\t\t<div class=\"dpt-entry has-thumbnail\" data-title=\"sel-enn\" data-id=\"230\"  data-character-type=\"spielercharakter\" data-species=\"omegari\" data-profession=\"diplomat*in maler*in\" data-group=\"debriefing 2 terra gilde f\u00fcr kulturerbe\" data-attitude=\"zur\u00fcckhaltend\">\n\t\t\t\t\t\t\t<div class=\"dpt-entry-wrapper\"><div class=\" dpt-featured-content\"><div class=\" dpt-permalink\"><a href=\"https:\/\/www.larpwright.eu\/de\/characters\/sel-enn\/\" class=\"dpt-permalink\"><span class=\"screen-reader-text\">Sel-Enn<\/span><\/a><\/div><div class=\" dpt-thumbnail\"><div class=\"dpt-thumbnail-inner\"><img width=\"1024\" height=\"1024\" class=\"attachment-full size-full\" alt=\"strange, hairless alien being in yoga-like pose\" context=\"dpt\" style=\"width:100%;height:100%;max-width:1024px;\" data-dpt-src=\"https:\/\/www.larpwright.eu\/wp-content\/uploads\/2023\/04\/omegari.png\" data-dpt-sizes=\"(max-width: 1024px) 100vw, 1024px\" data-dpt-srcset=\"https:\/\/www.larpwright.eu\/wp-content\/uploads\/2023\/04\/omegari.png 1024w, https:\/\/www.larpwright.eu\/wp-content\/uploads\/2023\/04\/omegari-300x300.png 300w, https:\/\/www.larpwright.eu\/wp-content\/uploads\/2023\/04\/omegari-150x150.png 150w, https:\/\/www.larpwright.eu\/wp-content\/uploads\/2023\/04\/omegari-768x768.png 768w\" \/><\/div><span class=\"dpt-thumbnail-aspect-ratio\" style=\"padding-top: 100%\"><\/span><\/div><\/div><div class=\" sub-entry\"><h3 class=\" dpt-title\"><a class=\"dpt-title-link\" href=\"https:\/\/www.larpwright.eu\/de\/characters\/sel-enn\/\" rel=\"bookmark\">Sel-Enn<\/a><\/h3><div class=\" dpt-excerpt\">Weise\/r und r\u00e4tselhafte\/r Anf\u00fchrer*in der Omegari<\/div><\/div><\/div>\n\t\t\t\t\t\t<\/div><!-- .dpt-entry -->\n\t\t\t\t\t\t\n\t\t\t\t<\/div>\n\t\t\t\t\t\t<\/div>\n\t\t\t\n\n\n<h2 class=\"wp-block-heading\"><a href=\"https:\/\/www.larpwright.eu\/character-types\/gpc\/\" data-type=\"character-type\" data-id=\"6\">Gef\u00fchrte Spielercharaktere<\/a><\/h2>\n\n\n\n\t\t\t<div class=\"display-post-types\">\n\n\t\t\t\t\t\t\t<style type=\"text\/css\">\n\t\t\t#dpt-wrapper-175 { --dpt-text-align: left;--dpt-image-crop: center;--dpt-border-radius: 5px;--dpt-h-gutter: 10px;--dpt-v-gutter: 10px; }\t\t\t<\/style>\n\t\t\t<style type=\"text\/css\">#dpt-wrapper-175 { --dpt-title-font-style:normal;--dpt-title-font-weight:600;--dpt-title-line-height:1.5;--dpt-title-text-decoration:none;--dpt-title-text-transform:none;--dpt-excerpt-font-style:normal;--dpt-excerpt-font-weight:400;--dpt-excerpt-line-height:1.5;--dpt-excerpt-text-decoration:none;--dpt-excerpt-text-transform:none;--dpt-meta1-font-style:normal;--dpt-meta1-font-weight:400;--dpt-meta1-line-height:1.9;--dpt-meta1-text-decoration:none;--dpt-meta1-text-transform:none;--dpt-meta2-font-style:normal;--dpt-meta2-font-weight:400;--dpt-meta2-line-height:1.9;--dpt-meta2-text-decoration:none;--dpt-meta2-text-transform:none; }<\/style>\t\t\t\n\t\t\t\t<div id=\"dpt-wrapper-175\" class=\"dpt-wrapper dpt-list1 dpt-flex-wrap\" >\n\n\t\t\t\t\t\t\t\t\t\t\t<div class=\"dpt-entry has-thumbnail\" data-title=\"a. morgan\" data-id=\"42\"  data-character-type=\"gef\u00fchrter spielercharacter\" data-species=\"mensch\" data-profession=\"diplomat*in naturwissenschaftler*in\" data-group=\"debriefing 1 entdecker-vereinigung weltweites energie-konsortium\" data-attitude=\"vorsichtig\">\n\t\t\t\t\t\t\t<div class=\"dpt-entry-wrapper\"><div class=\" dpt-featured-content\"><div class=\" dpt-permalink\"><a href=\"https:\/\/www.larpwright.eu\/de\/characters\/a-morgan\/\" class=\"dpt-permalink\"><span class=\"screen-reader-text\">A. Morgan<\/span><\/a><\/div><div class=\" dpt-thumbnail\"><div class=\"dpt-thumbnail-inner\"><img width=\"1024\" height=\"1024\" class=\"attachment-full size-full\" alt=\"smiling, boyish-female scientist\" context=\"dpt\" style=\"width:100%;height:100%;max-width:1024px;\" data-dpt-src=\"https:\/\/www.larpwright.eu\/wp-content\/uploads\/2023\/04\/human.png\" data-dpt-sizes=\"(max-width: 1024px) 100vw, 1024px\" data-dpt-srcset=\"https:\/\/www.larpwright.eu\/wp-content\/uploads\/2023\/04\/human.png 1024w, https:\/\/www.larpwright.eu\/wp-content\/uploads\/2023\/04\/human-300x300.png 300w, https:\/\/www.larpwright.eu\/wp-content\/uploads\/2023\/04\/human-150x150.png 150w, https:\/\/www.larpwright.eu\/wp-content\/uploads\/2023\/04\/human-768x768.png 768w\" \/><\/div><span class=\"dpt-thumbnail-aspect-ratio\" style=\"padding-top: 100%\"><\/span><\/div><\/div><div class=\" sub-entry\"><h3 class=\" dpt-title\"><a class=\"dpt-title-link\" href=\"https:\/\/www.larpwright.eu\/de\/characters\/a-morgan\/\" rel=\"bookmark\">A. Morgan<\/a><\/h3><div class=\" dpt-excerpt\">Der\/ie brillante und geschickte Anf\u00fchrer*in der Menschen<\/div><\/div><\/div>\n\t\t\t\t\t\t<\/div><!-- .dpt-entry -->\n\t\t\t\t\t\t\n\t\t\t\t<\/div>\n\t\t\t\t\t\t<\/div>\n\t\t\t\n\n\n<h2 class=\"wp-block-heading\"><a href=\"https:\/\/www.larpwright.eu\/character-types\/npc\/\" data-type=\"character-type\" data-id=\"5\">Nicht-Spielercharaktere<\/a><\/h2>\n\n\n\n\t\t\t<div class=\"display-post-types\">\n\n\t\t\t\t\t\t\t<style type=\"text\/css\">\n\t\t\t#dpt-wrapper-176 { --dpt-text-align: left;--dpt-image-crop: center;--dpt-border-radius: 5px;--dpt-h-gutter: 10px;--dpt-v-gutter: 10px; }\t\t\t<\/style>\n\t\t\t<style type=\"text\/css\">#dpt-wrapper-176 { --dpt-title-font-style:normal;--dpt-title-font-weight:600;--dpt-title-line-height:1.5;--dpt-title-text-decoration:none;--dpt-title-text-transform:none;--dpt-excerpt-font-style:normal;--dpt-excerpt-font-weight:400;--dpt-excerpt-line-height:1.5;--dpt-excerpt-text-decoration:none;--dpt-excerpt-text-transform:none;--dpt-meta1-font-style:normal;--dpt-meta1-font-weight:400;--dpt-meta1-line-height:1.9;--dpt-meta1-text-decoration:none;--dpt-meta1-text-transform:none;--dpt-meta2-font-style:normal;--dpt-meta2-font-weight:400;--dpt-meta2-line-height:1.9;--dpt-meta2-text-decoration:none;--dpt-meta2-text-transform:none; }<\/style>\t\t\t\n\t\t\t\t<div id=\"dpt-wrapper-176\" class=\"dpt-wrapper dpt-list1 dpt-flex-wrap\" >\n\n\t\t\t\t\t\t\t\t\t\t\t<div class=\"dpt-entry has-thumbnail\" data-title=\"j. doe\" data-id=\"47\"  data-character-type=\"nicht-spielercharacter\" data-species=\"kluftbringer\" data-profession=\"maler*in geistes\/sozialwissenschaftler*in\" data-group=\"terra gilde f\u00fcr kulturerbe\" data-attitude=\"gegnerisch\">\n\t\t\t\t\t\t\t<div class=\"dpt-entry-wrapper\"><div class=\" dpt-featured-content\"><div class=\" dpt-permalink\"><a href=\"https:\/\/www.larpwright.eu\/de\/characters\/j-doe\/\" class=\"dpt-permalink\"><span class=\"screen-reader-text\">J. Doe<\/span><\/a><\/div><div class=\" dpt-thumbnail\"><div class=\"dpt-thumbnail-inner\"><img width=\"1024\" height=\"1024\" class=\"attachment-full size-full\" alt=\"human with dark glowing eyes in a dark suit\" context=\"dpt\" style=\"width:100%;height:100%;max-width:1024px;\" data-dpt-src=\"https:\/\/www.larpwright.eu\/wp-content\/uploads\/2023\/04\/voidbringer.png\" data-dpt-sizes=\"(max-width: 1024px) 100vw, 1024px\" data-dpt-srcset=\"https:\/\/www.larpwright.eu\/wp-content\/uploads\/2023\/04\/voidbringer.png 1024w, https:\/\/www.larpwright.eu\/wp-content\/uploads\/2023\/04\/voidbringer-300x300.png 300w, https:\/\/www.larpwright.eu\/wp-content\/uploads\/2023\/04\/voidbringer-150x150.png 150w, https:\/\/www.larpwright.eu\/wp-content\/uploads\/2023\/04\/voidbringer-768x768.png 768w\" \/><\/div><span class=\"dpt-thumbnail-aspect-ratio\" style=\"padding-top: 100%\"><\/span><\/div><\/div><div class=\" sub-entry\"><h3 class=\" dpt-title\"><a class=\"dpt-title-link\" href=\"https:\/\/www.larpwright.eu\/de\/characters\/j-doe\/\" rel=\"bookmark\">J. Doe<\/a><\/h3><div class=\" dpt-excerpt\">Ein von der Leere ber\u00fchrter Mensch.<\/div><\/div><\/div>\n\t\t\t\t\t\t<\/div><!-- .dpt-entry -->\n\t\t\t\t\t\t\n\t\t\t\t<\/div>\n\t\t\t\t\t\t<\/div>\n\t\t\t\n\n\n<p class=\"has-background has-extra-small-font-size\" style=\"background-color:#dededebd\"><strong>Disclaimer<\/strong><br>Alle Charakter-, Location- und Requisitenbilder auf dieser Demoseite wurden mit Midjourney generiert, um zu sehen, was die KI leisten kann. Dies ist keine Bef\u00fcrwortung von KI-generierter Kunst gegen\u00fcber der Arbeit von K\u00fcnstler*innen. F\u00fcr tats\u00e4chliche Larp-Projekte bevorzugen wir es, die Kunstwerke entweder selbst zu erstellen oder mit Kolleg*innen zusammenzuarbeiten.<\/p>","protected":false},"excerpt":{"rendered":"<p>Nachfolgend findet sich eine Liste aller Charaktere, geordnet nach Charaktertyp. Die Listen werden mit dem Plugin &#8222;Display Post Types&#8220; erzeugt, das nur den jeweiligen Charaktertyp anzeigt. Die \u00dcberschriften unten und die Untermen\u00fcpunkte in der Navigation oben verweisen auf die Archivseiten des jeweiligen Charaktertyps. Spielercharaktere Gef\u00fchrte Spielercharaktere Nicht-Spielercharaktere DisclaimerAlle Charakter-, Location- und Requisitenbilder auf dieser Demoseite&hellip; <a class=\"more-link\" href=\"https:\/\/www.larpwright.eu\/de\/characters\/\"><span class=\"screen-reader-text\">Charaktere<\/span> weiterlesen<\/a><\/p>\n","protected":false},"author":2,"featured_media":0,"parent":0,"menu_order":0,"comment_status":"closed","ping_status":"closed","template":"","meta":{"footnotes":""},"class_list":["post-9","page","type-page","status-publish","hentry","entry"],"_links":{"self":[{"href":"https:\/\/www.larpwright.eu\/de\/wp-json\/wp\/v2\/pages\/9","targetHints":{"allow":["GET"]}}],"collection":[{"href":"https:\/\/www.larpwright.eu\/de\/wp-json\/wp\/v2\/pages"}],"about":[{"href":"https:\/\/www.larpwright.eu\/de\/wp-json\/wp\/v2\/types\/page"}],"author":[{"embeddable":true,"href":"https:\/\/www.larpwright.eu\/de\/wp-json\/wp\/v2\/users\/2"}],"replies":[{"embeddable":true,"href":"https:\/\/www.larpwright.eu\/de\/wp-json\/wp\/v2\/comments?post=9"}],"version-history":[{"count":30,"href":"https:\/\/www.larpwright.eu\/de\/wp-json\/wp\/v2\/pages\/9\/revisions"}],"predecessor-version":[{"id":780,"href":"https:\/\/www.larpwright.eu\/de\/wp-json\/wp\/v2\/pages\/9\/revisions\/780"}],"wp:attachment":[{"href":"https:\/\/www.larpwright.eu\/de\/wp-json\/wp\/v2\/media?parent=9"}],"curies":[{"name":"wp","href":"https:\/\/api.w.org\/{rel}","templated":true}]}}